{"id":617,"date":"2024-03-08T14:28:05","date_gmt":"2024-03-08T13:28:05","guid":{"rendered":"https:\/\/jonebordato.com\/?page_id=617"},"modified":"2024-04-02T21:08:56","modified_gmt":"2024-04-02T19:08:56","slug":"akupuntura","status":"publish","type":"page","link":"https:\/\/jonebordato.com\/eus\/akupuntura\/","title":{"rendered":"Akupuntura tradizionala"},"content":{"rendered":"<p>[et_pb_section fb_built=&#8221;1&#8243; _builder_version=&#8221;4.24.2&#8243; _module_preset=&#8221;default&#8221; custom_padding=&#8221;0px||20px||false|false&#8221; global_colors_info=&#8221;{}&#8221;][et_pb_row column_structure=&#8221;1_2,1_2&#8243; make_equal=&#8221;on&#8221; _builder_version=&#8221;4.24.2&#8243; _module_preset=&#8221;default&#8221; global_colors_info=&#8221;{}&#8221;][et_pb_column type=&#8221;1_2&#8243; _builder_version=&#8221;4.24.2&#8243; _module_preset=&#8221;default&#8221; global_colors_info=&#8221;{}&#8221;][et_pb_text _builder_version=&#8221;4.24.2&#8243; _module_preset=&#8221;default&#8221; header_font_size=&#8221;50px&#8221; text_orientation=&#8221;justified&#8221; header_font_size_tablet=&#8221;40px&#8221; header_font_size_phone=&#8221;40px&#8221; header_font_size_last_edited=&#8221;on|tablet&#8221; global_colors_info=&#8221;{}&#8221;]<\/p>\n<h1>Akupuntura tradizionala<\/h1>\n<p>[\/et_pb_text][et_pb_code _builder_version=&#8221;4.24.2&#8243; _module_preset=&#8221;default&#8221; global_colors_info=&#8221;{}&#8221;]Milaka urteetako pratika honetan, orratzak, bentosak eta moxak (erretzen diren artemisia makiltxoak) erabiltzen dira, energia sare bat osatzen duten meridianoetako puntuak akuilatu ala barreiatzeko. Honela estimulatuak diren puntuen konbinaketak, mezu bat bidaltzen dio gorputzari, haren energiaren zirkulazioa harmonizatzeko.<!\u2013- [et_pb_br_holder] -\u2013><!-- [et_pb_line_break_holder] -->        <div class=\"rmwr-wrapper\" \n             data-id=\"rmwr-69d0275d7d341\"\n             data-mode=\"normal\"\n             data-animation=\"fade\"\n             data-duration=\"300\"\n             data-smooth-scroll=\"true\"\n             data-scroll-offset=\"0\">\n            <button \n                type=\"button\"\n                class=\"read-link\" \n                id=\"readlinkrmwr-69d0275d7d341\"\n                data-open-text=\"Segida irakurri...\"\n                data-close-text=\"...\"\n                aria-expanded=\"false\"\n                aria-controls=\"readrmwr-69d0275d7d341\"\n                aria-label=\"Segida irakurri...\"\n            >\n                <span class=\"rmwr-text\">Segida irakurri...<\/span>\n            <\/button>\n            <div \n                class=\"read_div\" \n                id=\"readrmwr-69d0275d7d341\"\n                aria-hidden=\"true\"\n                data-animation=\"fade\"\n                data-duration=\"300\"\n                style=\"display: none;\"\n            >\n                 Irudi klasiko bat emateko, erran dezakegu, puntu energetikoek izarren mapa bat osatzen dutela gorputzaren azalean eta orratzekin seinalatuak direnek, konstelazio bat agerian ezartzen dutela. Konstelazio honek, zerukoek bezala, ipuin bat kondatzen du: energia harmonizatzen duen ipuin bat. Puntu bakoitzak izen bat ala gehiago dauka eta haren izenak, askotan, bere funtzioaz zerbait garrantzitsua adierazten digu. Honela, 14TM puntuak \u00ab\u00a0100 nekeen jauregiak\u00a0\u00bb, akidura larrietatik berreskuratzeko balio du, 12JM \u00ab\u00a0urdailaren erdigunea\u00a0\u00bb, diseriketa funtzioa errazten duen puntu garrantzitsuetarikoa da eta 5C \u00ab\u00a0ulermenaren bidexkak\u00a0\u00bb txoke emozionaletatik berriz altxatzen laguntzen du..             <\/div>\n        <\/div>\n        [\/et_pb_code][et_pb_code _builder_version=&#8221;4.24.2&#8243; _module_preset=&#8221;default&#8221; global_colors_info=&#8221;{}&#8221;]Kanpoko faktoreek bezainbeste (aroa, elikadura, kutxadurak\u2026), barne faktoreek (estresa eta emozioek) desoreka energetikoak eragin ditzakete. Pertsona osotasunean hartuz, akupunturak funtzio fisiologikoak errazteaz gain, tentsio fisikoak arintzen eta blokeo emozionalak askatzen ditu. Gehienetan, egoera emozionala eta fisikoa hain lotuak dira, non saio baten onurak, maila desberdinetan sentitzen ahalko diren. Papoaldean kokatuak diren puntu emozionalak askatzeak adibidez, arnasa erraztu eta irauten zuen eztul bat pasarazi dezake. Edo giltxurrunen energia indartzeak, bizkarreko minak lasaitzeaz gain, norkbere baitako konfiantza indartzen laguntzen ahalko du ere bai. <!\u2013- [et_pb_br_holder] -\u2013><!-- [et_pb_line_break_holder] -->        <div class=\"rmwr-wrapper\" \n             data-id=\"rmwr-69d0275d7d6f6\"\n             data-mode=\"normal\"\n             data-animation=\"fade\"\n             data-duration=\"300\"\n             data-smooth-scroll=\"true\"\n             data-scroll-offset=\"0\">\n            <button \n                type=\"button\"\n                class=\"read-link\" \n                id=\"readlinkrmwr-69d0275d7d6f6\"\n                data-open-text=\"Segida irakurri...\"\n                data-close-text=\"...\"\n                aria-expanded=\"false\"\n                aria-controls=\"readrmwr-69d0275d7d6f6\"\n                aria-label=\"Segida irakurri...\"\n            >\n                <span class=\"rmwr-text\">Segida irakurri...<\/span>\n            <\/button>\n            <div \n                class=\"read_div\" \n                id=\"readrmwr-69d0275d7d6f6\"\n                aria-hidden=\"true\"\n                data-animation=\"fade\"\n                data-duration=\"300\"\n                style=\"display: none;\"\n            >\n                 <em>\u00ab\u00a0Gaitza kanpoko energia perbertso baten, ala kolpe emozionalen ondorioa den bereizi behar da. Psikismoko nahasmenek, energia perbertsoek bezala, giharretako gaitzak edo mota guzietako eritasunak eragin ditzakete. Kolpe emozionaletatik datozten nahasmen psikikoek irauten badute, ezin daiteke artarik egin, zeren izpirituak baketsu izan behar baitu, Iong energiak eta Oe energia denfentsiboak funtzionamendu on bat ukan dezaten eta osasuna segurta dezaten\u00a0.\u00a0\u00bb<\/em> So Ouenn             <\/div>\n        <\/div>\n        [\/et_pb_code][et_pb_button button_url=&#8221;https:\/\/jonebordato.com\/eus\/kontaktua\/&#8221; button_text=&#8221;Hitzordua hartu&#8221; _builder_version=&#8221;4.24.2&#8243; _module_preset=&#8221;default&#8221; global_colors_info=&#8221;{}&#8221;][\/et_pb_button][\/et_pb_column][et_pb_column type=&#8221;1_2&#8243; _builder_version=&#8221;4.24.2&#8243; _module_preset=&#8221;default&#8221; global_colors_info=&#8221;{}&#8221;][et_pb_image src=&#8221;https:\/\/jonebordato.com\/wp-content\/uploads\/2024\/02\/Akupuntura-Jone-Bordato_web-12.webp&#8221; alt=&#8221;Orratzarekin puntu bat akuilatzen&#8221; title_text=&#8221;Puntua akuilatzen&#8221; _builder_version=&#8221;4.24.2&#8243; _module_preset=&#8221;default&#8221; filter_saturate=&#8221;0%&#8221; filter_brightness=&#8221;115%&#8221; global_colors_info=&#8221;{}&#8221;][\/et_pb_image][et_pb_text _builder_version=&#8221;4.24.2&#8243; _module_preset=&#8221;default&#8221; global_colors_info=&#8221;{}&#8221;]<\/p>\n<p>Akupuntura saio bakoitza berezia da, hartzailearen momentuko egoera energetikoari erantzuten diolako. Beraz, akupunturako saio bat hartzera etortzen bazara, lehendabizi, galdezketaren eta pulsoen hartzearen bidez, bilan energetiko bat eginen dut. Bilan honen helburua, aurkeztuko dizkidazun arazoen erroa aurkitzea da. Hortik, agerian ezarria izan den desoreka energetikoa erregulatzeko puntuen aukeraketa ondorioztatzen ahalko dut. Akupuntura tradizionalean, yin-yang-aren arauetan oinarritutako arta printzipioak artoski jarraitzen badira, ez da, aldiz, errezetarik erabiltzen.<\/p>\n<p>[\/et_pb_text][\/et_pb_column][\/et_pb_row][et_pb_row _builder_version=&#8221;4.24.2&#8243; _module_preset=&#8221;default&#8221; custom_padding=&#8221;||27px|||&#8221; global_colors_info=&#8221;{}&#8221;][et_pb_column type=&#8221;4_4&#8243; _builder_version=&#8221;4.24.2&#8243; _module_preset=&#8221;default&#8221; global_colors_info=&#8221;{}&#8221;][et_pb_text _builder_version=&#8221;4.24.2&#8243; text_orientation=&#8221;center&#8221; global_colors_info=&#8221;{}&#8221;]<\/p>\n<h2>Zertarako<\/h2>\n<p>[\/et_pb_text][\/et_pb_column][\/et_pb_row][et_pb_row column_structure=&#8221;1_2,1_2&#8243; _builder_version=&#8221;4.24.2&#8243; _module_preset=&#8221;default&#8221; global_colors_info=&#8221;{}&#8221;][et_pb_column type=&#8221;1_2&#8243; _builder_version=&#8221;4.24.2&#8243; _module_preset=&#8221;default&#8221; global_colors_info=&#8221;{}&#8221;][et_pb_text _builder_version=&#8221;4.24.2&#8243; _module_preset=&#8221;default&#8221; global_colors_info=&#8221;{}&#8221;]<\/p>\n<p>Akupuntura prebentzioan erabiltzeak zentzu handia dauka, zeren Qi-a indartsua delarik eta ongi zirkulatzen duelarik, eritasuna ez delako instalatzen.<\/p>\n<p>Lehengo Txinan, jendeek haien medikua ordaintzen zuten osasuntsu egoten lagun zitzan eta eritzen zirelarik, ordaintzea gelditzen omen zuten\u00a0: ikuskera tradizional honen arabera, artak, ororen aitzinetik gorputzaren autosendatze gaitasuna indarrean mantentzeko helburuarekin egiten ziren.<\/p>\n<p>Horregatik, edozein motako kalte egonkortu aitzin saio bat egitea gomendagarria da. Eta sasoieko eritasunei hobeki aurre egiteko, prebentziozko artak egitea biziki interesgarria da. Udazkena, adibidez, sasoi aproposa da, bai gripearen kontrako imunitatea azkartzeko, baita udaberriko alergiak menperatzeko ere.<\/p>\n<p>[\/et_pb_text][\/et_pb_column][et_pb_column type=&#8221;1_2&#8243; _builder_version=&#8221;4.24.2&#8243; _module_preset=&#8221;default&#8221; global_colors_info=&#8221;{}&#8221;][et_pb_text _builder_version=&#8221;4.24.2&#8243; _module_preset=&#8221;default&#8221; global_colors_info=&#8221;{}&#8221;]<\/p>\n<p>Bizkitartean, eritasuna azkarki instalatua delarik eta medikuak manatutako erremedioak hartu behar direlarik ere, akupunturak sustengu estimagarria eskaintzen du. Izan ere, energiaren zirkulazioa erraztuz, erremedio tratamenduen efektu segundarioak arintzeaz gain, pertsonaren bizkortasuna indartzen du. Honela gorputzari bere autosendatze gaitasuna berriz atxematen laguntzen dio. <\/p>\n<p>[\/et_pb_text][et_pb_text _builder_version=&#8221;4.24.2&#8243; _module_preset=&#8221;default&#8221; global_colors_info=&#8221;{}&#8221;]<\/p>\n<p>Ororen aitzinetik, persona haren dimentsio guziekin kontutan hartzen duen pratika bat da eta ongi izate orokorra sustengatzen du: energiak ongi zirkulatzen duelarik, gure baitan goxoan sentitzen gara.<\/p>\n<p>[\/et_pb_text][\/et_pb_column][\/et_pb_row][\/et_pb_section][et_pb_section fb_built=&#8221;1&#8243; admin_label=&#8221;Services&#8221; _builder_version=&#8221;4.16&#8243; custom_padding=&#8221;7px|||||&#8221; global_colors_info=&#8221;{}&#8221;][et_pb_row _builder_version=&#8221;4.16&#8243; global_colors_info=&#8221;{}&#8221;][et_pb_column type=&#8221;4_4&#8243; _builder_version=&#8221;4.16&#8243; global_colors_info=&#8221;{}&#8221;][et_pb_image src=&#8221;https:\/\/jonebordato.com\/wp-content\/uploads\/2024\/02\/Akupuntura-Jone-Bordato_web-6.webp&#8221; alt=&#8221;Pulsoak hartzen ari, bilan energetikoa egiteko.&#8221; title_text=&#8221;Shiatsu Jone Bordato_web (6)&#8221; _builder_version=&#8221;4.24.2&#8243; _module_preset=&#8221;default&#8221; max_width=&#8221;50%&#8221; max_width_tablet=&#8221;50%&#8221; max_width_phone=&#8221;75%&#8221; max_width_last_edited=&#8221;on|phone&#8221; module_alignment=&#8221;center&#8221; filter_saturate=&#8221;0%&#8221; border_radii=&#8221;off|42px||50px|64px&#8221; global_colors_info=&#8221;{}&#8221;][\/et_pb_image][et_pb_text _builder_version=&#8221;4.24.2&#8243; text_orientation=&#8221;center&#8221; custom_margin=&#8221;5%||||false|false&#8221; global_colors_info=&#8221;{}&#8221;]<\/p>\n<h2>Norentzat<\/h2>\n<p>[\/et_pb_text][et_pb_text _builder_version=&#8221;4.24.2&#8243; _module_preset=&#8221;default&#8221; custom_padding=&#8221;||45px|||&#8221; global_colors_info=&#8221;{}&#8221;]<\/p>\n<p style=\"text-align: center;\">Akupuntura saioak denei irekiak dira.<\/p>\n<p style=\"text-align: justify;\">Halere, haurrekin ez dut orratzik erabiltzen : moxak eta bentosak erabiltzen ditut. Beharrezkoa delarik, saioa shiatsuarekin osatzen dut.<\/p>\n<p style=\"text-align: justify;\">Haurdun diren emazteendako segipen berezi bat proposatzen dut haurdunaldi osoan zehar. Segipena akupunturarekin bakarrik egin dezakegu ala shiatsuarekin aldizkatuz.<\/p>\n<p>[\/et_pb_text][et_pb_text _builder_version=&#8221;4.24.2&#8243; _module_preset=&#8221;default&#8221; text_font=&#8221;|600|on||||||&#8221; text_orientation=&#8221;center&#8221; max_width=&#8221;60%&#8221; max_width_tablet=&#8221;80%&#8221; max_width_phone=&#8221;90%&#8221; max_width_last_edited=&#8221;on|phone&#8221; module_alignment=&#8221;center&#8221; global_colors_info=&#8221;{}&#8221;]<\/p>\n<p>Ez naiz medikua, ez dut akupuntura sintomatikorik pratikatzen, enekin egiten duzun saio batek ez dezake mediku kontsulta bat ordezkatu eta seguritate sozialak ez du ordaintzen. Ongi-izatearen eremuan pratikatzen dut.<\/p>\n<p>[\/et_pb_text][et_pb_button button_url=&#8221;https:\/\/jonebordato.com\/eus\/kontaktua\/&#8221; button_text=&#8221;Hitzordua hartu&#8221; button_alignment=&#8221;center&#8221; _builder_version=&#8221;4.24.2&#8243; _module_preset=&#8221;default&#8221; global_colors_info=&#8221;{}&#8221;][\/et_pb_button][\/et_pb_column][\/et_pb_row][\/et_pb_section]<\/p>\n","protected":false},"excerpt":{"rendered":"<p>Akupuntura tradizionalaMilaka urteetako pratika honetan, orratzak, bentosak eta moxak (erretzen diren artemisia makiltxoak) erabiltzen dira, energia sare bat osatzen duten meridianoetako puntuak akuilatu ala barreiatzeko. Honela estimulatuak diren puntuen konbinaketak, mezu bat bidaltzen dio gorputzari, haren energiaren zirkulazioa harmonizatzeko. Irudi klasiko bat emateko, erran dezakegu, puntu energetikoek izarren mapa bat osatzen dutela gorputzaren azalean [&hellip;]<\/p>\n","protected":false},"author":1,"featured_media":397,"parent":0,"menu_order":0,"comment_status":"closed","ping_status":"closed","template":"","meta":{"_et_pb_use_builder":"on","_et_pb_old_content":"","_et_gb_content_width":"","footnotes":""},"class_list":["post-617","page","type-page","status-publish","has-post-thumbnail","hentry"],"yoast_head":"<!-- This site is optimized with the Yoast SEO plugin v27.3 - https:\/\/yoast.com\/product\/yoast-seo-wordpress\/ -->\n<title>Acupuncture Pays Basque \u00e0 Hasparren | Jone Bordato<\/title>\n<meta name=\"description\" content=\"Energ\u00e9tique traditionnelle chinoise au Pays Basque, \u00e0 Hasparren pour enfants, adultes, femmes enceintes. Shiatsu eta akupuntura kabineta.\" \/>\n<meta name=\"robots\" content=\"index, follow, max-snippet:-1, max-image-preview:large, max-video-preview:-1\" \/>\n<link rel=\"canonical\" href=\"https:\/\/jonebordato.com\/eus\/akupuntura\/\" \/>\n<meta property=\"og:locale\" content=\"en_US\" \/>\n<meta property=\"og:type\" content=\"article\" \/>\n<meta property=\"og:title\" content=\"Acupuncture Pays Basque \u00e0 Hasparren | Jone Bordato\" \/>\n<meta property=\"og:description\" content=\"Energ\u00e9tique traditionnelle chinoise au Pays Basque, \u00e0 Hasparren pour enfants, adultes, femmes enceintes. Shiatsu eta akupuntura kabineta.\" \/>\n<meta property=\"og:url\" content=\"https:\/\/jonebordato.com\/eus\/akupuntura\/\" \/>\n<meta property=\"og:site_name\" content=\"Shiatsulari\" \/>\n<meta property=\"article:modified_time\" content=\"2024-04-02T19:08:56+00:00\" \/>\n<meta property=\"og:image\" content=\"https:\/\/jonebordato.com\/wp-content\/uploads\/2024\/02\/Akupuntura-Jone-Bordato_web-27.webp\" \/>\n\t<meta property=\"og:image:width\" content=\"1600\" \/>\n\t<meta property=\"og:image:height\" content=\"1067\" \/>\n\t<meta property=\"og:image:type\" content=\"image\/webp\" \/>\n<meta name=\"twitter:card\" content=\"summary_large_image\" \/>\n<meta name=\"twitter:label1\" content=\"Est. reading time\" \/>\n\t<meta name=\"twitter:data1\" content=\"4 minutua\" \/>\n<script type=\"application\/ld+json\" class=\"yoast-schema-graph\">{\"@context\":\"https:\\\/\\\/schema.org\",\"@graph\":[{\"@type\":\"WebPage\",\"@id\":\"https:\\\/\\\/jonebordato.com\\\/eus\\\/akupuntura\\\/\",\"url\":\"https:\\\/\\\/jonebordato.com\\\/eus\\\/akupuntura\\\/\",\"name\":\"Acupuncture Pays Basque \u00e0 Hasparren | Jone Bordato\",\"isPartOf\":{\"@id\":\"https:\\\/\\\/jonebordato.com\\\/eus\\\/#website\"},\"primaryImageOfPage\":{\"@id\":\"https:\\\/\\\/jonebordato.com\\\/eus\\\/akupuntura\\\/#primaryimage\"},\"image\":{\"@id\":\"https:\\\/\\\/jonebordato.com\\\/eus\\\/akupuntura\\\/#primaryimage\"},\"thumbnailUrl\":\"https:\\\/\\\/jonebordato.com\\\/wp-content\\\/uploads\\\/2024\\\/02\\\/Akupuntura-Jone-Bordato_web-27.webp\",\"datePublished\":\"2024-03-08T13:28:05+00:00\",\"dateModified\":\"2024-04-02T19:08:56+00:00\",\"description\":\"Energ\u00e9tique traditionnelle chinoise au Pays Basque, \u00e0 Hasparren pour enfants, adultes, femmes enceintes. Shiatsu eta akupuntura kabineta.\",\"breadcrumb\":{\"@id\":\"https:\\\/\\\/jonebordato.com\\\/eus\\\/akupuntura\\\/#breadcrumb\"},\"inLanguage\":\"eu\",\"potentialAction\":[{\"@type\":\"ReadAction\",\"target\":[\"https:\\\/\\\/jonebordato.com\\\/eus\\\/akupuntura\\\/\"]}]},{\"@type\":\"ImageObject\",\"inLanguage\":\"eu\",\"@id\":\"https:\\\/\\\/jonebordato.com\\\/eus\\\/akupuntura\\\/#primaryimage\",\"url\":\"https:\\\/\\\/jonebordato.com\\\/wp-content\\\/uploads\\\/2024\\\/02\\\/Akupuntura-Jone-Bordato_web-27.webp\",\"contentUrl\":\"https:\\\/\\\/jonebordato.com\\\/wp-content\\\/uploads\\\/2024\\\/02\\\/Akupuntura-Jone-Bordato_web-27.webp\",\"width\":1600,\"height\":1067,\"caption\":\"Moxa erretzen orratzaren gainean.\"},{\"@type\":\"BreadcrumbList\",\"@id\":\"https:\\\/\\\/jonebordato.com\\\/eus\\\/akupuntura\\\/#breadcrumb\",\"itemListElement\":[{\"@type\":\"ListItem\",\"position\":1,\"name\":\"Accueil\",\"item\":\"https:\\\/\\\/jonebordato.com\\\/eus\\\/\"},{\"@type\":\"ListItem\",\"position\":2,\"name\":\"Akupuntura tradizionala\"}]},{\"@type\":\"WebSite\",\"@id\":\"https:\\\/\\\/jonebordato.com\\\/eus\\\/#website\",\"url\":\"https:\\\/\\\/jonebordato.com\\\/eus\\\/\",\"name\":\"Shiatsulari\",\"description\":\"\",\"publisher\":{\"@id\":\"https:\\\/\\\/jonebordato.com\\\/eus\\\/#organization\"},\"potentialAction\":[{\"@type\":\"SearchAction\",\"target\":{\"@type\":\"EntryPoint\",\"urlTemplate\":\"https:\\\/\\\/jonebordato.com\\\/eus\\\/?s={search_term_string}\"},\"query-input\":{\"@type\":\"PropertyValueSpecification\",\"valueRequired\":true,\"valueName\":\"search_term_string\"}}],\"inLanguage\":\"eu\"},{\"@type\":\"Organization\",\"@id\":\"https:\\\/\\\/jonebordato.com\\\/eus\\\/#organization\",\"name\":\"Shiatsulari\",\"url\":\"https:\\\/\\\/jonebordato.com\\\/eus\\\/\",\"logo\":{\"@type\":\"ImageObject\",\"inLanguage\":\"eu\",\"@id\":\"https:\\\/\\\/jonebordato.com\\\/eus\\\/#\\\/schema\\\/logo\\\/image\\\/\",\"url\":\"https:\\\/\\\/jonebordato.com\\\/wp-content\\\/uploads\\\/2024\\\/02\\\/Shiatsu-Jone-Bordato_web-20.webp\",\"contentUrl\":\"https:\\\/\\\/jonebordato.com\\\/wp-content\\\/uploads\\\/2024\\\/02\\\/Shiatsu-Jone-Bordato_web-20.webp\",\"width\":1600,\"height\":1067,\"caption\":\"Shiatsulari\"},\"image\":{\"@id\":\"https:\\\/\\\/jonebordato.com\\\/eus\\\/#\\\/schema\\\/logo\\\/image\\\/\"}}]}<\/script>\n<!-- \/ Yoast SEO plugin. -->","yoast_head_json":{"title":"Acupuncture Pays Basque \u00e0 Hasparren | Jone Bordato","description":"Energ\u00e9tique traditionnelle chinoise au Pays Basque, \u00e0 Hasparren pour enfants, adultes, femmes enceintes. Shiatsu eta akupuntura kabineta.","robots":{"index":"index","follow":"follow","max-snippet":"max-snippet:-1","max-image-preview":"max-image-preview:large","max-video-preview":"max-video-preview:-1"},"canonical":"https:\/\/jonebordato.com\/eus\/akupuntura\/","og_locale":"en_US","og_type":"article","og_title":"Acupuncture Pays Basque \u00e0 Hasparren | Jone Bordato","og_description":"Energ\u00e9tique traditionnelle chinoise au Pays Basque, \u00e0 Hasparren pour enfants, adultes, femmes enceintes. Shiatsu eta akupuntura kabineta.","og_url":"https:\/\/jonebordato.com\/eus\/akupuntura\/","og_site_name":"Shiatsulari","article_modified_time":"2024-04-02T19:08:56+00:00","og_image":[{"width":1600,"height":1067,"url":"https:\/\/jonebordato.com\/wp-content\/uploads\/2024\/02\/Akupuntura-Jone-Bordato_web-27.webp","type":"image\/webp"}],"twitter_card":"summary_large_image","twitter_misc":{"Est. reading time":"4 minutua"},"schema":{"@context":"https:\/\/schema.org","@graph":[{"@type":"WebPage","@id":"https:\/\/jonebordato.com\/eus\/akupuntura\/","url":"https:\/\/jonebordato.com\/eus\/akupuntura\/","name":"Acupuncture Pays Basque \u00e0 Hasparren | Jone Bordato","isPartOf":{"@id":"https:\/\/jonebordato.com\/eus\/#website"},"primaryImageOfPage":{"@id":"https:\/\/jonebordato.com\/eus\/akupuntura\/#primaryimage"},"image":{"@id":"https:\/\/jonebordato.com\/eus\/akupuntura\/#primaryimage"},"thumbnailUrl":"https:\/\/jonebordato.com\/wp-content\/uploads\/2024\/02\/Akupuntura-Jone-Bordato_web-27.webp","datePublished":"2024-03-08T13:28:05+00:00","dateModified":"2024-04-02T19:08:56+00:00","description":"Energ\u00e9tique traditionnelle chinoise au Pays Basque, \u00e0 Hasparren pour enfants, adultes, femmes enceintes. Shiatsu eta akupuntura kabineta.","breadcrumb":{"@id":"https:\/\/jonebordato.com\/eus\/akupuntura\/#breadcrumb"},"inLanguage":"eu","potentialAction":[{"@type":"ReadAction","target":["https:\/\/jonebordato.com\/eus\/akupuntura\/"]}]},{"@type":"ImageObject","inLanguage":"eu","@id":"https:\/\/jonebordato.com\/eus\/akupuntura\/#primaryimage","url":"https:\/\/jonebordato.com\/wp-content\/uploads\/2024\/02\/Akupuntura-Jone-Bordato_web-27.webp","contentUrl":"https:\/\/jonebordato.com\/wp-content\/uploads\/2024\/02\/Akupuntura-Jone-Bordato_web-27.webp","width":1600,"height":1067,"caption":"Moxa erretzen orratzaren gainean."},{"@type":"BreadcrumbList","@id":"https:\/\/jonebordato.com\/eus\/akupuntura\/#breadcrumb","itemListElement":[{"@type":"ListItem","position":1,"name":"Accueil","item":"https:\/\/jonebordato.com\/eus\/"},{"@type":"ListItem","position":2,"name":"Akupuntura tradizionala"}]},{"@type":"WebSite","@id":"https:\/\/jonebordato.com\/eus\/#website","url":"https:\/\/jonebordato.com\/eus\/","name":"Shiatsulari","description":"","publisher":{"@id":"https:\/\/jonebordato.com\/eus\/#organization"},"potentialAction":[{"@type":"SearchAction","target":{"@type":"EntryPoint","urlTemplate":"https:\/\/jonebordato.com\/eus\/?s={search_term_string}"},"query-input":{"@type":"PropertyValueSpecification","valueRequired":true,"valueName":"search_term_string"}}],"inLanguage":"eu"},{"@type":"Organization","@id":"https:\/\/jonebordato.com\/eus\/#organization","name":"Shiatsulari","url":"https:\/\/jonebordato.com\/eus\/","logo":{"@type":"ImageObject","inLanguage":"eu","@id":"https:\/\/jonebordato.com\/eus\/#\/schema\/logo\/image\/","url":"https:\/\/jonebordato.com\/wp-content\/uploads\/2024\/02\/Shiatsu-Jone-Bordato_web-20.webp","contentUrl":"https:\/\/jonebordato.com\/wp-content\/uploads\/2024\/02\/Shiatsu-Jone-Bordato_web-20.webp","width":1600,"height":1067,"caption":"Shiatsulari"},"image":{"@id":"https:\/\/jonebordato.com\/eus\/#\/schema\/logo\/image\/"}}]}},"_links":{"self":[{"href":"https:\/\/jonebordato.com\/eus\/wp-json\/wp\/v2\/pages\/617","targetHints":{"allow":["GET"]}}],"collection":[{"href":"https:\/\/jonebordato.com\/eus\/wp-json\/wp\/v2\/pages"}],"about":[{"href":"https:\/\/jonebordato.com\/eus\/wp-json\/wp\/v2\/types\/page"}],"author":[{"embeddable":true,"href":"https:\/\/jonebordato.com\/eus\/wp-json\/wp\/v2\/users\/1"}],"replies":[{"embeddable":true,"href":"https:\/\/jonebordato.com\/eus\/wp-json\/wp\/v2\/comments?post=617"}],"version-history":[{"count":32,"href":"https:\/\/jonebordato.com\/eus\/wp-json\/wp\/v2\/pages\/617\/revisions"}],"predecessor-version":[{"id":850,"href":"https:\/\/jonebordato.com\/eus\/wp-json\/wp\/v2\/pages\/617\/revisions\/850"}],"wp:featuredmedia":[{"embeddable":true,"href":"https:\/\/jonebordato.com\/eus\/wp-json\/wp\/v2\/media\/397"}],"wp:attachment":[{"href":"https:\/\/jonebordato.com\/eus\/wp-json\/wp\/v2\/media?parent=617"}],"curies":[{"name":"wp","href":"https:\/\/api.w.org\/{rel}","templated":true}]}}