{"id":653,"date":"2024-03-08T16:47:54","date_gmt":"2024-03-08T15:47:54","guid":{"rendered":"https:\/\/jonebordato.com\/?page_id=653"},"modified":"2024-04-03T15:29:40","modified_gmt":"2024-04-03T13:29:40","slug":"ibilbidea-shiatsu-acupuncture-pays-basque","status":"publish","type":"page","link":"https:\/\/jonebordato.com\/eus\/ibilbidea-shiatsu-acupuncture-pays-basque\/","title":{"rendered":"Ibilbidea"},"content":{"rendered":"<p>[et_pb_section fb_built=&#8221;1&#8243; _builder_version=&#8221;4.24.2&#8243; _module_preset=&#8221;default&#8221; custom_padding=&#8221;0px||20px||false|false&#8221; global_colors_info=&#8221;{}&#8221;][et_pb_row column_structure=&#8221;1_2,1_2&#8243; make_equal=&#8221;on&#8221; _builder_version=&#8221;4.24.2&#8243; _module_preset=&#8221;default&#8221; global_colors_info=&#8221;{}&#8221;][et_pb_column type=&#8221;1_2&#8243; _builder_version=&#8221;4.24.2&#8243; _module_preset=&#8221;default&#8221; global_colors_info=&#8221;{}&#8221;][et_pb_text _builder_version=&#8221;4.24.2&#8243; _module_preset=&#8221;default&#8221; header_font_size=&#8221;50px&#8221; text_orientation=&#8221;justified&#8221; global_colors_info=&#8221;{}&#8221;]<\/p>\n<h1>Ene ibilbidea<\/h1>\n<p>[\/et_pb_text][et_pb_text _builder_version=&#8221;4.24.2&#8243; _module_preset=&#8221;default&#8221; global_colors_info=&#8221;{}&#8221;]<\/p>\n<h2>Formakuntza<\/h2>\n<ul>\n<li>Shiatsuzaleen eskolan diplomatua 2011an.<\/li>\n<li>IEATC-Bordeaux-n diplomatua (Institut d&#8217;\u00e9nerg\u00e9tique et d&#8217;acupuncture traditionnelles chinoises) 2019an.<\/li>\n<li>Postgraduatu formakuntza psikismoari buruz, Pariseko IEATC eskolan 2022an.<\/li>\n<\/ul>\n<p>Hasiera batean, izateari buzuruzko galdezketek motibaturik, Pariseko Sorbonne fakultatean, filosofiako master bat egin nuen. Ondoren, sei hilabetez Indian bidaiatzera joan nintzen. Han nuen shiatsua ezagutu: hilabete bateko ikastaldia egin nuen Punen, S.R.T.Ian (Shiatsu Research and Training Institute), Desai medikuarekin. Goizean kurtso teorikoa ematen zigun eta arratsaldean haren kontsultetara joaten ginen, jendea nola artatzen zuen obserbatzeko. Honela shiatsuaren onurak deskubritu nituen. Indiatik itzultzean, hain nintzen inspiratua eta konbentzitua, non shiatsu eskola batean sartzeko erabakia hartu nuen. Beraz, hiru urtez (lehen biak Donostian eta azkena Madrilen), Shizuto Masunaga-ren Zen shiatsua ikasi nuen, Amigos del shiatsu eskolako formakuntza profesionala burutuz.<\/p>\n<p>2013-an, shiatsulari gisa jarri nintzen Hazparneko kabinetan.<\/p>\n<p>[\/et_pb_text][\/et_pb_column][et_pb_column type=&#8221;1_2&#8243; _builder_version=&#8221;4.24.2&#8243; _module_preset=&#8221;default&#8221; global_colors_info=&#8221;{}&#8221;][et_pb_image src=&#8221;https:\/\/jonebordato.com\/wp-content\/uploads\/2024\/02\/Akupuntura-Jone-Bordato_web-39.webp&#8221; alt=&#8221;Jone Bordato shiatsularia&#8221; title_text=&#8221;Jone Bordato shiatsularia&#8221; src_tablet=&#8221;https:\/\/jonebordato.com\/wp-content\/uploads\/2024\/02\/Akupuntura-Jone-Bordato_web-39.webp&#8221; src_phone=&#8221;https:\/\/jonebordato.com\/wp-content\/uploads\/2024\/02\/Akupuntura-Jone-Bordato_web-39.webp&#8221; src_last_edited=&#8221;on|desktop&#8221; _builder_version=&#8221;4.24.2&#8243; _module_preset=&#8221;default&#8221; filter_saturate=&#8221;110%&#8221; filter_brightness=&#8221;111%&#8221; border_radii=&#8221;off|172px||76px|&#8221; global_colors_info=&#8221;{}&#8221;][\/et_pb_image][et_pb_code _builder_version=&#8221;4.24.2&#8243; _module_preset=&#8221;default&#8221; global_colors_info=&#8221;{}&#8221;]Halere sentitzen nuen, osasuntsu mantentzen gaituzten arau energetikoen ezagutza zehatzago eta osoago bat erdiesteko, formatzen segitu behar nuela. Beraz, 2016an, shiatsuaren iturrira joatea erabakirik, energetika txinatar tradizionalari buruz itzuli nintzen eta Bordaleko IEATC eskolan (Institut d&#8217;\u00e9nerg\u00e9tique et d&#8217;acupuncture traditionnelles chinoises) akupuntura ikasten hasi nintzen.<!\u2013- [et_pb_br_holder] -\u2013><!-- [et_pb_line_break_holder] -->        <div class=\"rmwr-wrapper\" \n             data-id=\"rmwr-69d027464e750\"\n             data-mode=\"normal\"\n             data-animation=\"fade\"\n             data-duration=\"300\"\n             data-smooth-scroll=\"true\"\n             data-scroll-offset=\"0\">\n            <button \n                type=\"button\"\n                class=\"read-link\" \n                id=\"readlinkrmwr-69d027464e750\"\n                data-open-text=\"Segida irakurri...\"\n                data-close-text=\"...\"\n                aria-expanded=\"false\"\n                aria-controls=\"readrmwr-69d027464e750\"\n                aria-label=\"Segida irakurri...\"\n            >\n                <span class=\"rmwr-text\">Segida irakurri...<\/span>\n            <\/button>\n            <div \n                class=\"read_div\" \n                id=\"readrmwr-69d027464e750\"\n                aria-hidden=\"true\"\n                data-animation=\"fade\"\n                data-duration=\"300\"\n                style=\"display: none;\"\n            >\n                 IEATC eskolarekin, akupuntura tradizionala soilik erakasteari dedikatzen den eskola baten hautua egin nuen, arlo horretan berezitu nahi nuelako (akupuntura energetika txinatar tradizionaleko bost adarretariko bat da, beste lauak masaia, Qi Kong-a, sendabelarren bidezko arta eta dietetika izanki). Honela, lau urtez, akupunturazko artaren erreferentziazko liburuan, hots So Ouenn &#8211; Ne\u00ef King liburuan oinarritua den erakaspena errezebitu nuen. <!-- &#091;et_pb_line_break_holder&#093; -->1979-an Thierry Bollet-ek sortua, IEATC eskolak, zuzenki, Frantziako akupuntore aitzindarietakoa izan zen Charles Laville-M\u00e9ryren transmisioari jarraipena ematen dio, energetika txinatar tradizionalaren ulermen sakon bat eskainiz. Loriatu ninduen bigarren formakuntza ziklo honetatik ateratzean, naturalki, akupunturaren pratikak leku garrantzitsua hartu zuen ene kabinetean.            <\/div>\n        <\/div>\n        [\/et_pb_code][\/et_pb_column][\/et_pb_row][\/et_pb_section][et_pb_section fb_built=&#8221;1&#8243; _builder_version=&#8221;4.24.3&#8243; _module_preset=&#8221;default&#8221; background_image=&#8221;https:\/\/jonebordato.com\/wp-content\/uploads\/2024\/03\/exdlnui5ywy.jpg&#8221; min_height_tablet=&#8221;&#8221; min_height_phone=&#8221;&#8221; min_height_last_edited=&#8221;on|phone&#8221; height=&#8221;417px&#8221; custom_margin=&#8221;||2px|||&#8221; custom_padding=&#8221;46px||14px|||&#8221; hover_enabled=&#8221;0&#8243; global_colors_info=&#8221;{}&#8221; parallax=&#8221;on&#8221; parallax_method=&#8221;off&#8221; sticky_enabled=&#8221;0&#8243;][\/et_pb_section][et_pb_section fb_built=&#8221;1&#8243; _builder_version=&#8221;4.24.2&#8243; _module_preset=&#8221;default&#8221; custom_margin=&#8221;18px|||||&#8221; custom_padding=&#8221;0%||||false|false&#8221; global_colors_info=&#8221;{}&#8221;][et_pb_row column_structure=&#8221;1_3,1_3,1_3&#8243; _builder_version=&#8221;4.24.2&#8243; _module_preset=&#8221;default&#8221; global_colors_info=&#8221;{}&#8221;][et_pb_column type=&#8221;1_3&#8243; _builder_version=&#8221;4.24.2&#8243; _module_preset=&#8221;default&#8221; global_colors_info=&#8221;{}&#8221;][et_pb_text _builder_version=&#8221;4.24.2&#8243; _module_preset=&#8221;default&#8221; global_colors_info=&#8221;{}&#8221;]<\/p>\n<p>Gainera, 2022an, psikismoari buruzko formakuntza gehigarri bat egin nuen, Pariseko IEATC eskolan, energetika txinatarrak askapen emozional eta psikikoendako eskaintzen duen ulermen zoragarria barneratzeko, eta ene saioak, beharrezkoa delarik, horri buruz ere bideratu ahal izateko. Honela, akupunturako saioen bidez, lanketa berezi bat egin daiteke, traumatismo baten ondorioz instalatu diren blokeo emozionalak askatzeko ala pizuegiak diren familia memorien eragina arintzeko, adibidez.<\/p>\n<p>[\/et_pb_text][\/et_pb_column][et_pb_column type=&#8221;1_3&#8243; _builder_version=&#8221;4.24.2&#8243; _module_preset=&#8221;default&#8221; global_colors_info=&#8221;{}&#8221;][et_pb_text _builder_version=&#8221;4.24.2&#8243; _module_preset=&#8221;default&#8221; global_colors_info=&#8221;{}&#8221;]<\/p>\n<p>Bestalde, 2023an, hilabetean behin, Baionako Belharra klinikako onkologia zerbitzuko eriei shiatsu saioak eman dizkiet, zerbitzu paliatiboan sortu duten Lorea elkartearen eskaintzen kuadroan. Lan esperientzia bat baino gehiago, erakaspen handiko bizi esperientzia bat izan da enetzat. Aldi oro, ene aitzinean nuen pertsonari, eskaintzen nion presentziaren kalitatea zaintzera gonbidatzen ninduen esperientzia bat.<\/p>\n<p>[\/et_pb_text][\/et_pb_column][et_pb_column type=&#8221;1_3&#8243; _builder_version=&#8221;4.24.2&#8243; _module_preset=&#8221;default&#8221; global_colors_info=&#8221;{}&#8221;][et_pb_text _builder_version=&#8221;4.24.2&#8243; _module_preset=&#8221;default&#8221; global_colors_info=&#8221;{}&#8221;]<\/p>\n<p>Gaur egun, Hazparneko kabinetean, bai shiatsu, bai akupuntura saioak eskaintzen ditut. Eta askotan, biak hain osagarriak iduritzen zaizkit, non saio berean uztartzen ditudan, orratzen zehaztasuna eskuen berotasunaz lagunduz.<br \/>Egiten dituztan saio indibidualetaz gain, tailer edo mintzaldiak proposatzen ditut, ere bai, energetika txinatar tradizionalak eskaintzen duen biziaren eta gizakiaren ulermena transmititzeko.<\/p>\n<p>[\/et_pb_text][\/et_pb_column][\/et_pb_row][\/et_pb_section]<\/p>\n","protected":false},"excerpt":{"rendered":"<p>Ene ibilbideaFormakuntza Shiatsuzaleen eskolan diplomatua 2011an. IEATC-Bordeaux-n diplomatua (Institut d&#8217;\u00e9nerg\u00e9tique et d&#8217;acupuncture traditionnelles chinoises) 2019an. Postgraduatu formakuntza psikismoari buruz, Pariseko IEATC eskolan 2022an. Hasiera batean, izateari buzuruzko galdezketek motibaturik, Pariseko Sorbonne fakultatean, filosofiako master bat egin nuen. Ondoren, sei hilabetez Indian bidaiatzera joan nintzen. Han nuen shiatsua ezagutu: hilabete bateko ikastaldia egin nuen Punen, S.R.T.Ian [&hellip;]<\/p>\n","protected":false},"author":1,"featured_media":397,"parent":0,"menu_order":0,"comment_status":"closed","ping_status":"closed","template":"","meta":{"_et_pb_use_builder":"on","_et_pb_old_content":"","_et_gb_content_width":"","footnotes":""},"class_list":["post-653","page","type-page","status-publish","has-post-thumbnail","hentry"],"yoast_head":"<!-- This site is optimized with the Yoast SEO plugin v27.3 - https:\/\/yoast.com\/product\/yoast-seo-wordpress\/ -->\n<title>Shiatsu Acupuncture Pays Basque \u00e0 Hasparren | Jone Bordato<\/title>\n<meta name=\"description\" content=\"Shiatsu et acupuncture au Pays Basque, \u00e0 Hasparren pour enfants, adultes, femmes enceintes. Cabinet d&#039;\u00e9nerg\u00e9tique traditionnelle chinoise.\" \/>\n<meta name=\"robots\" content=\"index, follow, max-snippet:-1, max-image-preview:large, max-video-preview:-1\" \/>\n<link rel=\"canonical\" href=\"https:\/\/jonebordato.com\/eus\/ibilbidea-shiatsu-acupuncture-pays-basque\/\" \/>\n<meta property=\"og:locale\" content=\"en_US\" \/>\n<meta property=\"og:type\" content=\"article\" \/>\n<meta property=\"og:title\" content=\"Shiatsu Acupuncture Pays Basque \u00e0 Hasparren | Jone Bordato\" \/>\n<meta property=\"og:description\" content=\"Shiatsu et acupuncture au Pays Basque, \u00e0 Hasparren pour enfants, adultes, femmes enceintes. Cabinet d&#039;\u00e9nerg\u00e9tique traditionnelle chinoise.\" \/>\n<meta property=\"og:url\" content=\"https:\/\/jonebordato.com\/eus\/ibilbidea-shiatsu-acupuncture-pays-basque\/\" \/>\n<meta property=\"og:site_name\" content=\"Shiatsulari\" \/>\n<meta property=\"article:modified_time\" content=\"2024-04-03T13:29:40+00:00\" \/>\n<meta property=\"og:image\" content=\"https:\/\/jonebordato.com\/wp-content\/uploads\/2024\/02\/Akupuntura-Jone-Bordato_web-27.webp\" \/>\n\t<meta property=\"og:image:width\" content=\"1600\" \/>\n\t<meta property=\"og:image:height\" content=\"1067\" \/>\n\t<meta property=\"og:image:type\" content=\"image\/webp\" \/>\n<meta name=\"twitter:card\" content=\"summary_large_image\" \/>\n<meta name=\"twitter:label1\" content=\"Est. reading time\" \/>\n\t<meta name=\"twitter:data1\" content=\"3 minutua\" \/>\n<script type=\"application\/ld+json\" class=\"yoast-schema-graph\">{\"@context\":\"https:\\\/\\\/schema.org\",\"@graph\":[{\"@type\":\"WebPage\",\"@id\":\"https:\\\/\\\/jonebordato.com\\\/eus\\\/ibilbidea-shiatsu-acupuncture-pays-basque\\\/\",\"url\":\"https:\\\/\\\/jonebordato.com\\\/eus\\\/ibilbidea-shiatsu-acupuncture-pays-basque\\\/\",\"name\":\"Shiatsu Acupuncture Pays Basque \u00e0 Hasparren | Jone Bordato\",\"isPartOf\":{\"@id\":\"https:\\\/\\\/jonebordato.com\\\/eus\\\/#website\"},\"primaryImageOfPage\":{\"@id\":\"https:\\\/\\\/jonebordato.com\\\/eus\\\/ibilbidea-shiatsu-acupuncture-pays-basque\\\/#primaryimage\"},\"image\":{\"@id\":\"https:\\\/\\\/jonebordato.com\\\/eus\\\/ibilbidea-shiatsu-acupuncture-pays-basque\\\/#primaryimage\"},\"thumbnailUrl\":\"https:\\\/\\\/jonebordato.com\\\/wp-content\\\/uploads\\\/2024\\\/02\\\/Akupuntura-Jone-Bordato_web-27.webp\",\"datePublished\":\"2024-03-08T15:47:54+00:00\",\"dateModified\":\"2024-04-03T13:29:40+00:00\",\"description\":\"Shiatsu et acupuncture au Pays Basque, \u00e0 Hasparren pour enfants, adultes, femmes enceintes. Cabinet d'\u00e9nerg\u00e9tique traditionnelle chinoise.\",\"breadcrumb\":{\"@id\":\"https:\\\/\\\/jonebordato.com\\\/eus\\\/ibilbidea-shiatsu-acupuncture-pays-basque\\\/#breadcrumb\"},\"inLanguage\":\"eu\",\"potentialAction\":[{\"@type\":\"ReadAction\",\"target\":[\"https:\\\/\\\/jonebordato.com\\\/eus\\\/ibilbidea-shiatsu-acupuncture-pays-basque\\\/\"]}]},{\"@type\":\"ImageObject\",\"inLanguage\":\"eu\",\"@id\":\"https:\\\/\\\/jonebordato.com\\\/eus\\\/ibilbidea-shiatsu-acupuncture-pays-basque\\\/#primaryimage\",\"url\":\"https:\\\/\\\/jonebordato.com\\\/wp-content\\\/uploads\\\/2024\\\/02\\\/Akupuntura-Jone-Bordato_web-27.webp\",\"contentUrl\":\"https:\\\/\\\/jonebordato.com\\\/wp-content\\\/uploads\\\/2024\\\/02\\\/Akupuntura-Jone-Bordato_web-27.webp\",\"width\":1600,\"height\":1067,\"caption\":\"Moxa erretzen orratzaren gainean.\"},{\"@type\":\"BreadcrumbList\",\"@id\":\"https:\\\/\\\/jonebordato.com\\\/eus\\\/ibilbidea-shiatsu-acupuncture-pays-basque\\\/#breadcrumb\",\"itemListElement\":[{\"@type\":\"ListItem\",\"position\":1,\"name\":\"Accueil\",\"item\":\"https:\\\/\\\/jonebordato.com\\\/eus\\\/\"},{\"@type\":\"ListItem\",\"position\":2,\"name\":\"Ibilbidea\"}]},{\"@type\":\"WebSite\",\"@id\":\"https:\\\/\\\/jonebordato.com\\\/eus\\\/#website\",\"url\":\"https:\\\/\\\/jonebordato.com\\\/eus\\\/\",\"name\":\"Shiatsulari\",\"description\":\"\",\"publisher\":{\"@id\":\"https:\\\/\\\/jonebordato.com\\\/eus\\\/#organization\"},\"potentialAction\":[{\"@type\":\"SearchAction\",\"target\":{\"@type\":\"EntryPoint\",\"urlTemplate\":\"https:\\\/\\\/jonebordato.com\\\/eus\\\/?s={search_term_string}\"},\"query-input\":{\"@type\":\"PropertyValueSpecification\",\"valueRequired\":true,\"valueName\":\"search_term_string\"}}],\"inLanguage\":\"eu\"},{\"@type\":\"Organization\",\"@id\":\"https:\\\/\\\/jonebordato.com\\\/eus\\\/#organization\",\"name\":\"Shiatsulari\",\"url\":\"https:\\\/\\\/jonebordato.com\\\/eus\\\/\",\"logo\":{\"@type\":\"ImageObject\",\"inLanguage\":\"eu\",\"@id\":\"https:\\\/\\\/jonebordato.com\\\/eus\\\/#\\\/schema\\\/logo\\\/image\\\/\",\"url\":\"https:\\\/\\\/jonebordato.com\\\/wp-content\\\/uploads\\\/2024\\\/02\\\/Shiatsu-Jone-Bordato_web-20.webp\",\"contentUrl\":\"https:\\\/\\\/jonebordato.com\\\/wp-content\\\/uploads\\\/2024\\\/02\\\/Shiatsu-Jone-Bordato_web-20.webp\",\"width\":1600,\"height\":1067,\"caption\":\"Shiatsulari\"},\"image\":{\"@id\":\"https:\\\/\\\/jonebordato.com\\\/eus\\\/#\\\/schema\\\/logo\\\/image\\\/\"}}]}<\/script>\n<!-- \/ Yoast SEO plugin. -->","yoast_head_json":{"title":"Shiatsu Acupuncture Pays Basque \u00e0 Hasparren | Jone Bordato","description":"Shiatsu et acupuncture au Pays Basque, \u00e0 Hasparren pour enfants, adultes, femmes enceintes. Cabinet d'\u00e9nerg\u00e9tique traditionnelle chinoise.","robots":{"index":"index","follow":"follow","max-snippet":"max-snippet:-1","max-image-preview":"max-image-preview:large","max-video-preview":"max-video-preview:-1"},"canonical":"https:\/\/jonebordato.com\/eus\/ibilbidea-shiatsu-acupuncture-pays-basque\/","og_locale":"en_US","og_type":"article","og_title":"Shiatsu Acupuncture Pays Basque \u00e0 Hasparren | Jone Bordato","og_description":"Shiatsu et acupuncture au Pays Basque, \u00e0 Hasparren pour enfants, adultes, femmes enceintes. Cabinet d'\u00e9nerg\u00e9tique traditionnelle chinoise.","og_url":"https:\/\/jonebordato.com\/eus\/ibilbidea-shiatsu-acupuncture-pays-basque\/","og_site_name":"Shiatsulari","article_modified_time":"2024-04-03T13:29:40+00:00","og_image":[{"width":1600,"height":1067,"url":"https:\/\/jonebordato.com\/wp-content\/uploads\/2024\/02\/Akupuntura-Jone-Bordato_web-27.webp","type":"image\/webp"}],"twitter_card":"summary_large_image","twitter_misc":{"Est. reading time":"3 minutua"},"schema":{"@context":"https:\/\/schema.org","@graph":[{"@type":"WebPage","@id":"https:\/\/jonebordato.com\/eus\/ibilbidea-shiatsu-acupuncture-pays-basque\/","url":"https:\/\/jonebordato.com\/eus\/ibilbidea-shiatsu-acupuncture-pays-basque\/","name":"Shiatsu Acupuncture Pays Basque \u00e0 Hasparren | Jone Bordato","isPartOf":{"@id":"https:\/\/jonebordato.com\/eus\/#website"},"primaryImageOfPage":{"@id":"https:\/\/jonebordato.com\/eus\/ibilbidea-shiatsu-acupuncture-pays-basque\/#primaryimage"},"image":{"@id":"https:\/\/jonebordato.com\/eus\/ibilbidea-shiatsu-acupuncture-pays-basque\/#primaryimage"},"thumbnailUrl":"https:\/\/jonebordato.com\/wp-content\/uploads\/2024\/02\/Akupuntura-Jone-Bordato_web-27.webp","datePublished":"2024-03-08T15:47:54+00:00","dateModified":"2024-04-03T13:29:40+00:00","description":"Shiatsu et acupuncture au Pays Basque, \u00e0 Hasparren pour enfants, adultes, femmes enceintes. Cabinet d'\u00e9nerg\u00e9tique traditionnelle chinoise.","breadcrumb":{"@id":"https:\/\/jonebordato.com\/eus\/ibilbidea-shiatsu-acupuncture-pays-basque\/#breadcrumb"},"inLanguage":"eu","potentialAction":[{"@type":"ReadAction","target":["https:\/\/jonebordato.com\/eus\/ibilbidea-shiatsu-acupuncture-pays-basque\/"]}]},{"@type":"ImageObject","inLanguage":"eu","@id":"https:\/\/jonebordato.com\/eus\/ibilbidea-shiatsu-acupuncture-pays-basque\/#primaryimage","url":"https:\/\/jonebordato.com\/wp-content\/uploads\/2024\/02\/Akupuntura-Jone-Bordato_web-27.webp","contentUrl":"https:\/\/jonebordato.com\/wp-content\/uploads\/2024\/02\/Akupuntura-Jone-Bordato_web-27.webp","width":1600,"height":1067,"caption":"Moxa erretzen orratzaren gainean."},{"@type":"BreadcrumbList","@id":"https:\/\/jonebordato.com\/eus\/ibilbidea-shiatsu-acupuncture-pays-basque\/#breadcrumb","itemListElement":[{"@type":"ListItem","position":1,"name":"Accueil","item":"https:\/\/jonebordato.com\/eus\/"},{"@type":"ListItem","position":2,"name":"Ibilbidea"}]},{"@type":"WebSite","@id":"https:\/\/jonebordato.com\/eus\/#website","url":"https:\/\/jonebordato.com\/eus\/","name":"Shiatsulari","description":"","publisher":{"@id":"https:\/\/jonebordato.com\/eus\/#organization"},"potentialAction":[{"@type":"SearchAction","target":{"@type":"EntryPoint","urlTemplate":"https:\/\/jonebordato.com\/eus\/?s={search_term_string}"},"query-input":{"@type":"PropertyValueSpecification","valueRequired":true,"valueName":"search_term_string"}}],"inLanguage":"eu"},{"@type":"Organization","@id":"https:\/\/jonebordato.com\/eus\/#organization","name":"Shiatsulari","url":"https:\/\/jonebordato.com\/eus\/","logo":{"@type":"ImageObject","inLanguage":"eu","@id":"https:\/\/jonebordato.com\/eus\/#\/schema\/logo\/image\/","url":"https:\/\/jonebordato.com\/wp-content\/uploads\/2024\/02\/Shiatsu-Jone-Bordato_web-20.webp","contentUrl":"https:\/\/jonebordato.com\/wp-content\/uploads\/2024\/02\/Shiatsu-Jone-Bordato_web-20.webp","width":1600,"height":1067,"caption":"Shiatsulari"},"image":{"@id":"https:\/\/jonebordato.com\/eus\/#\/schema\/logo\/image\/"}}]}},"_links":{"self":[{"href":"https:\/\/jonebordato.com\/eus\/wp-json\/wp\/v2\/pages\/653","targetHints":{"allow":["GET"]}}],"collection":[{"href":"https:\/\/jonebordato.com\/eus\/wp-json\/wp\/v2\/pages"}],"about":[{"href":"https:\/\/jonebordato.com\/eus\/wp-json\/wp\/v2\/types\/page"}],"author":[{"embeddable":true,"href":"https:\/\/jonebordato.com\/eus\/wp-json\/wp\/v2\/users\/1"}],"replies":[{"embeddable":true,"href":"https:\/\/jonebordato.com\/eus\/wp-json\/wp\/v2\/comments?post=653"}],"version-history":[{"count":14,"href":"https:\/\/jonebordato.com\/eus\/wp-json\/wp\/v2\/pages\/653\/revisions"}],"predecessor-version":[{"id":908,"href":"https:\/\/jonebordato.com\/eus\/wp-json\/wp\/v2\/pages\/653\/revisions\/908"}],"wp:featuredmedia":[{"embeddable":true,"href":"https:\/\/jonebordato.com\/eus\/wp-json\/wp\/v2\/media\/397"}],"wp:attachment":[{"href":"https:\/\/jonebordato.com\/eus\/wp-json\/wp\/v2\/media?parent=653"}],"curies":[{"name":"wp","href":"https:\/\/api.w.org\/{rel}","templated":true}]}}