{"id":889,"date":"2024-04-03T11:23:43","date_gmt":"2024-04-03T09:23:43","guid":{"rendered":"https:\/\/jonebordato.com\/?page_id=889"},"modified":"2024-04-03T11:26:30","modified_gmt":"2024-04-03T09:26:30","slug":"lege-oharrak","status":"publish","type":"page","link":"https:\/\/jonebordato.com\/eus\/lege-oharrak\/","title":{"rendered":"Lege oharrak"},"content":{"rendered":"\n<h2 class=\"wp-block-heading\">\u00c9diteur<\/h2>\n\n\n\n<p>Le si\u00e8ge social<br><strong>Jone<\/strong> Bordato<br><strong>4 Jean Lissar<\/strong> karrika<br><strong>64 240<\/strong> Hazparne<strong><br><\/strong><strong>&nbsp;&nbsp;&nbsp;&nbsp;&nbsp;<\/strong><br>SIRET&nbsp;: 531 629 160 00023<br>Date de cr\u00e9ation : 17\/01\/2013<\/p>\n\n\n\n<p>Pour nous contacter&nbsp;: info@jonebordato.com<\/p>\n\n\n\n<h2 class=\"wp-block-heading\">Cr\u00e9ation et r\u00e9alisation<\/h2>\n\n\n\n<p>Conception et r\u00e9alisation&nbsp;: Jone Bordato<br>Contact&nbsp;: info@jonebordato.com<\/p>\n\n\n\n<h2 class=\"wp-block-heading\">H\u00e9bergement<\/h2>\n\n\n\n<p>H\u00e9bergement chez&nbsp;https:\/\/www.infomaniak.com\/fr<br>Infomaniak Network SA, Rue Eug\u00e8ne Marziano 25, Les Acacias, Gen\u00e8ve, Suisse.&nbsp; Registre du commerce du canton de Gen\u00e8ve :&nbsp; CH-660.0.059.996-1.&nbsp; Num\u00e9ro IDE :&nbsp; CHE-103.167.648.&nbsp; Num\u00e9ro TVA :&nbsp; CHE-103.167.648.<\/p>\n\n\n\n<h2 class=\"wp-block-heading\">Conditions d\u2019utilisation<\/h2>\n\n\n\n<p>En acc\u00e9dant aux pages web de https:\/\/jonebordato.com, vous acceptez dans leur int\u00e9gralit\u00e9 les conditions d\u2019utilisation suivantes. Si vous n\u2019acceptez pas dans leur int\u00e9gralit\u00e9 les conditions d\u2019utilisation suivantes, vous \u00eates pri\u00e9s de noter que vous n\u2019\u00eates pas autoris\u00e9 \u00e0 acc\u00e9der aux pages web du site https:\/\/jonebordato.com.<\/p>\n\n\n\n<h3 class=\"wp-block-heading\">Responsabilit\u00e9<\/h3>\n\n\n\n<p>Le site peut comporter des d\u00e9fauts, erreurs ou omissions. L\u2019information qui y est contenue est destin\u00e9e \u00e0 vous apporter des indications g\u00e9n\u00e9rales. Jone Bordato ne saurait en aucun cas \u00eatre tenue responsable des \u00e9ventuels d\u00e9fauts, erreurs ou omissions existant dans ce site, ni de l\u2019utilisation et de l\u2019interpr\u00e9tation de l\u2019information qu\u2019il contient. Les informations contenues dans le site sont non-contractuelles et sujettes \u00e0 modification sans pr\u00e9avis. Jone Bordato n\u2019est pas responsable des contenus des sites tiers vers lesquels sont \u00e9tablis des liens depuis son site.<\/p>\n\n\n\n<h3 class=\"wp-block-heading\">Droits d\u2019auteur et propri\u00e9t\u00e9 intellectuelle<\/h3>\n\n\n\n<p>Le pr\u00e9sent site constitue une \u0153uvre dont Jone Bordato est l\u2019auteur au sens des articles L.111-1 et suivants du Code de la propri\u00e9t\u00e9 intellectuelle. Tous les \u00e9l\u00e9ments contenus dans le site et dans les sites associ\u00e9s sont prot\u00e9g\u00e9s par le droit national et international de la propri\u00e9t\u00e9 intellectuelle. Sauf autorisation \u00e9crite de Jone Bordato, toute utilisation des \u0153uvres autres que la reproduction et la consultation individuelles et priv\u00e9es, conformes \u00e0 l\u2019article L.122-5 du Code de la propri\u00e9t\u00e9 intellectuelle, est interdite. En aucun cas, ces reproductions ne sauraient porter pr\u00e9judice aux droits des tiers.<\/p>\n\n\n\n<h3 class=\"wp-block-heading\">Donn\u00e9es personnelles<\/h3>\n\n\n\n<p>Pour toute collecte d\u2019informations priv\u00e9es via les formulaires pr\u00e9sents sur ce site, vous disposez, conform\u00e9ment \u00e0 la loi du 6 janvier 1978 relative \u00e0 l\u2019informatique, aux fichiers et aux libert\u00e9s, d\u2019un droit d\u2019acc\u00e8s, de modification, de rectification et de suppression des donn\u00e9es qui vous concernent.<\/p>\n\n\n\n<h3 class=\"wp-block-heading\">Cookies<\/h3>\n\n\n\n<p>Les cookies utilis\u00e9s sur ce site web sont g\u00e9n\u00e9r\u00e9s par le CMS WordPress et permettent le bon fonctionnement de la session de navigation sur notre site. Ils expirent pendant ou apr\u00e8s la session, ou apr\u00e8s un d\u00e9lai ne d\u00e9passant pas 13 mois, conform\u00e9ment aux recommandations de la CNIL.<\/p>\n\n\n\n<h3 class=\"wp-block-heading\">Cr\u00e9dits photos<\/h3>\n\n\n\n<p>Matiu Bordato&nbsp;: https:\/\/miatu.eus<\/p>\n","protected":false},"excerpt":{"rendered":"<p>\u00c9diteur Le si\u00e8ge socialJone Bordato4 Jean Lissar karrika64 240 Hazparne&nbsp;&nbsp;&nbsp;&nbsp;&nbsp;SIRET&nbsp;: 531 629 160 00023Date de cr\u00e9ation : 17\/01\/2013 Pour nous contacter&nbsp;: info@jonebordato.com Cr\u00e9ation et r\u00e9alisation Conception et r\u00e9alisation&nbsp;: Jone BordatoContact&nbsp;: info@jonebordato.com H\u00e9bergement H\u00e9bergement chez&nbsp;https:\/\/www.infomaniak.com\/frInfomaniak Network SA, Rue Eug\u00e8ne Marziano 25, Les Acacias, Gen\u00e8ve, Suisse.&nbsp; Registre du commerce du canton de Gen\u00e8ve :&nbsp; CH-660.0.059.996-1.&nbsp; Num\u00e9ro IDE [&hellip;]<\/p>\n","protected":false},"author":1,"featured_media":0,"parent":0,"menu_order":0,"comment_status":"closed","ping_status":"closed","template":"","meta":{"_et_pb_use_builder":"off","_et_pb_old_content":"","_et_gb_content_width":"1080","footnotes":""},"class_list":["post-889","page","type-page","status-publish","hentry"],"yoast_head":"<!-- This site is optimized with the Yoast SEO plugin v27.3 - https:\/\/yoast.com\/product\/yoast-seo-wordpress\/ -->\n<title>Lege oharrak | Mentions l\u00e9gales | Shiatsulari Jone Bordato<\/title>\n<meta name=\"description\" content=\"Consultez nos mentions l\u00e9gales pour les informations obligatoires sur notre site, les conditions d&#039;utilisation et les droits d&#039;auteur.\" \/>\n<meta name=\"robots\" content=\"index, follow, max-snippet:-1, max-image-preview:large, max-video-preview:-1\" \/>\n<link rel=\"canonical\" href=\"https:\/\/jonebordato.com\/eus\/lege-oharrak\/\" \/>\n<meta property=\"og:locale\" content=\"en_US\" \/>\n<meta property=\"og:type\" content=\"article\" \/>\n<meta property=\"og:title\" content=\"Lege oharrak | Mentions l\u00e9gales | Shiatsulari Jone Bordato\" \/>\n<meta property=\"og:description\" content=\"Consultez nos mentions l\u00e9gales pour les informations obligatoires sur notre site, les conditions d&#039;utilisation et les droits d&#039;auteur.\" \/>\n<meta property=\"og:url\" content=\"https:\/\/jonebordato.com\/eus\/lege-oharrak\/\" \/>\n<meta property=\"og:site_name\" content=\"Shiatsulari\" \/>\n<meta property=\"article:modified_time\" content=\"2024-04-03T09:26:30+00:00\" \/>\n<meta property=\"og:image\" content=\"https:\/\/jonebordato.com\/wp-content\/uploads\/2024\/02\/Shiatsu-Jone-Bordato_web-20.webp\" \/>\n\t<meta property=\"og:image:width\" content=\"1600\" \/>\n\t<meta property=\"og:image:height\" content=\"1067\" \/>\n\t<meta property=\"og:image:type\" content=\"image\/webp\" \/>\n<meta name=\"twitter:card\" content=\"summary_large_image\" \/>\n<meta name=\"twitter:label1\" content=\"Est. reading time\" \/>\n\t<meta name=\"twitter:data1\" content=\"3 minutua\" \/>\n<script type=\"application\/ld+json\" class=\"yoast-schema-graph\">{\"@context\":\"https:\\\/\\\/schema.org\",\"@graph\":[{\"@type\":\"WebPage\",\"@id\":\"https:\\\/\\\/jonebordato.com\\\/eus\\\/lege-oharrak\\\/\",\"url\":\"https:\\\/\\\/jonebordato.com\\\/eus\\\/lege-oharrak\\\/\",\"name\":\"Lege oharrak | Mentions l\u00e9gales | Shiatsulari Jone Bordato\",\"isPartOf\":{\"@id\":\"https:\\\/\\\/jonebordato.com\\\/eus\\\/#website\"},\"datePublished\":\"2024-04-03T09:23:43+00:00\",\"dateModified\":\"2024-04-03T09:26:30+00:00\",\"description\":\"Consultez nos mentions l\u00e9gales pour les informations obligatoires sur notre site, les conditions d'utilisation et les droits d'auteur.\",\"breadcrumb\":{\"@id\":\"https:\\\/\\\/jonebordato.com\\\/eus\\\/lege-oharrak\\\/#breadcrumb\"},\"inLanguage\":\"eu\",\"potentialAction\":[{\"@type\":\"ReadAction\",\"target\":[\"https:\\\/\\\/jonebordato.com\\\/eus\\\/lege-oharrak\\\/\"]}]},{\"@type\":\"BreadcrumbList\",\"@id\":\"https:\\\/\\\/jonebordato.com\\\/eus\\\/lege-oharrak\\\/#breadcrumb\",\"itemListElement\":[{\"@type\":\"ListItem\",\"position\":1,\"name\":\"Accueil\",\"item\":\"https:\\\/\\\/jonebordato.com\\\/eus\\\/\"},{\"@type\":\"ListItem\",\"position\":2,\"name\":\"Lege oharrak\"}]},{\"@type\":\"WebSite\",\"@id\":\"https:\\\/\\\/jonebordato.com\\\/eus\\\/#website\",\"url\":\"https:\\\/\\\/jonebordato.com\\\/eus\\\/\",\"name\":\"Shiatsulari\",\"description\":\"\",\"publisher\":{\"@id\":\"https:\\\/\\\/jonebordato.com\\\/eus\\\/#organization\"},\"potentialAction\":[{\"@type\":\"SearchAction\",\"target\":{\"@type\":\"EntryPoint\",\"urlTemplate\":\"https:\\\/\\\/jonebordato.com\\\/eus\\\/?s={search_term_string}\"},\"query-input\":{\"@type\":\"PropertyValueSpecification\",\"valueRequired\":true,\"valueName\":\"search_term_string\"}}],\"inLanguage\":\"eu\"},{\"@type\":\"Organization\",\"@id\":\"https:\\\/\\\/jonebordato.com\\\/eus\\\/#organization\",\"name\":\"Shiatsulari\",\"url\":\"https:\\\/\\\/jonebordato.com\\\/eus\\\/\",\"logo\":{\"@type\":\"ImageObject\",\"inLanguage\":\"eu\",\"@id\":\"https:\\\/\\\/jonebordato.com\\\/eus\\\/#\\\/schema\\\/logo\\\/image\\\/\",\"url\":\"https:\\\/\\\/jonebordato.com\\\/wp-content\\\/uploads\\\/2024\\\/02\\\/Shiatsu-Jone-Bordato_web-20.webp\",\"contentUrl\":\"https:\\\/\\\/jonebordato.com\\\/wp-content\\\/uploads\\\/2024\\\/02\\\/Shiatsu-Jone-Bordato_web-20.webp\",\"width\":1600,\"height\":1067,\"caption\":\"Shiatsulari\"},\"image\":{\"@id\":\"https:\\\/\\\/jonebordato.com\\\/eus\\\/#\\\/schema\\\/logo\\\/image\\\/\"}}]}<\/script>\n<!-- \/ Yoast SEO plugin. -->","yoast_head_json":{"title":"Lege oharrak | Mentions l\u00e9gales | Shiatsulari Jone Bordato","description":"Consultez nos mentions l\u00e9gales pour les informations obligatoires sur notre site, les conditions d'utilisation et les droits d'auteur.","robots":{"index":"index","follow":"follow","max-snippet":"max-snippet:-1","max-image-preview":"max-image-preview:large","max-video-preview":"max-video-preview:-1"},"canonical":"https:\/\/jonebordato.com\/eus\/lege-oharrak\/","og_locale":"en_US","og_type":"article","og_title":"Lege oharrak | Mentions l\u00e9gales | Shiatsulari Jone Bordato","og_description":"Consultez nos mentions l\u00e9gales pour les informations obligatoires sur notre site, les conditions d'utilisation et les droits d'auteur.","og_url":"https:\/\/jonebordato.com\/eus\/lege-oharrak\/","og_site_name":"Shiatsulari","article_modified_time":"2024-04-03T09:26:30+00:00","og_image":[{"width":1600,"height":1067,"url":"https:\/\/jonebordato.com\/wp-content\/uploads\/2024\/02\/Shiatsu-Jone-Bordato_web-20.webp","type":"image\/webp"}],"twitter_card":"summary_large_image","twitter_misc":{"Est. reading time":"3 minutua"},"schema":{"@context":"https:\/\/schema.org","@graph":[{"@type":"WebPage","@id":"https:\/\/jonebordato.com\/eus\/lege-oharrak\/","url":"https:\/\/jonebordato.com\/eus\/lege-oharrak\/","name":"Lege oharrak | Mentions l\u00e9gales | Shiatsulari Jone Bordato","isPartOf":{"@id":"https:\/\/jonebordato.com\/eus\/#website"},"datePublished":"2024-04-03T09:23:43+00:00","dateModified":"2024-04-03T09:26:30+00:00","description":"Consultez nos mentions l\u00e9gales pour les informations obligatoires sur notre site, les conditions d'utilisation et les droits d'auteur.","breadcrumb":{"@id":"https:\/\/jonebordato.com\/eus\/lege-oharrak\/#breadcrumb"},"inLanguage":"eu","potentialAction":[{"@type":"ReadAction","target":["https:\/\/jonebordato.com\/eus\/lege-oharrak\/"]}]},{"@type":"BreadcrumbList","@id":"https:\/\/jonebordato.com\/eus\/lege-oharrak\/#breadcrumb","itemListElement":[{"@type":"ListItem","position":1,"name":"Accueil","item":"https:\/\/jonebordato.com\/eus\/"},{"@type":"ListItem","position":2,"name":"Lege oharrak"}]},{"@type":"WebSite","@id":"https:\/\/jonebordato.com\/eus\/#website","url":"https:\/\/jonebordato.com\/eus\/","name":"Shiatsulari","description":"","publisher":{"@id":"https:\/\/jonebordato.com\/eus\/#organization"},"potentialAction":[{"@type":"SearchAction","target":{"@type":"EntryPoint","urlTemplate":"https:\/\/jonebordato.com\/eus\/?s={search_term_string}"},"query-input":{"@type":"PropertyValueSpecification","valueRequired":true,"valueName":"search_term_string"}}],"inLanguage":"eu"},{"@type":"Organization","@id":"https:\/\/jonebordato.com\/eus\/#organization","name":"Shiatsulari","url":"https:\/\/jonebordato.com\/eus\/","logo":{"@type":"ImageObject","inLanguage":"eu","@id":"https:\/\/jonebordato.com\/eus\/#\/schema\/logo\/image\/","url":"https:\/\/jonebordato.com\/wp-content\/uploads\/2024\/02\/Shiatsu-Jone-Bordato_web-20.webp","contentUrl":"https:\/\/jonebordato.com\/wp-content\/uploads\/2024\/02\/Shiatsu-Jone-Bordato_web-20.webp","width":1600,"height":1067,"caption":"Shiatsulari"},"image":{"@id":"https:\/\/jonebordato.com\/eus\/#\/schema\/logo\/image\/"}}]}},"_links":{"self":[{"href":"https:\/\/jonebordato.com\/eus\/wp-json\/wp\/v2\/pages\/889","targetHints":{"allow":["GET"]}}],"collection":[{"href":"https:\/\/jonebordato.com\/eus\/wp-json\/wp\/v2\/pages"}],"about":[{"href":"https:\/\/jonebordato.com\/eus\/wp-json\/wp\/v2\/types\/page"}],"author":[{"embeddable":true,"href":"https:\/\/jonebordato.com\/eus\/wp-json\/wp\/v2\/users\/1"}],"replies":[{"embeddable":true,"href":"https:\/\/jonebordato.com\/eus\/wp-json\/wp\/v2\/comments?post=889"}],"version-history":[{"count":1,"href":"https:\/\/jonebordato.com\/eus\/wp-json\/wp\/v2\/pages\/889\/revisions"}],"predecessor-version":[{"id":890,"href":"https:\/\/jonebordato.com\/eus\/wp-json\/wp\/v2\/pages\/889\/revisions\/890"}],"wp:attachment":[{"href":"https:\/\/jonebordato.com\/eus\/wp-json\/wp\/v2\/media?parent=889"}],"curies":[{"name":"wp","href":"https:\/\/api.w.org\/{rel}","templated":true}]}}