{"id":786,"date":"2024-04-01T19:21:39","date_gmt":"2024-04-01T17:21:39","guid":{"rendered":"https:\/\/jonebordato.com\/?page_id=786"},"modified":"2025-08-27T18:09:47","modified_gmt":"2025-08-27T16:09:47","slug":"kontaktua","status":"publish","type":"page","link":"https:\/\/jonebordato.com\/fr\/kontaktua\/","title":{"rendered":"Contact"},"content":{"rendered":"<p>[et_pb_section fb_built=&#8221;1&#8243; _builder_version=&#8221;4.24.2&#8243; _module_preset=&#8221;default&#8221; width=&#8221;99.9%&#8221; custom_padding=&#8221;0px||20px||false|false&#8221; global_colors_info=&#8221;{}&#8221;][et_pb_row column_structure=&#8221;1_2,1_2&#8243; _builder_version=&#8221;4.24.2&#8243; _module_preset=&#8221;default&#8221; min_height=&#8221;420.3px&#8221; custom_padding=&#8221;||0px|||&#8221; global_colors_info=&#8221;{}&#8221;][et_pb_column type=&#8221;1_2&#8243; _builder_version=&#8221;4.24.2&#8243; _module_preset=&#8221;default&#8221; global_colors_info=&#8221;{}&#8221;][et_pb_text _builder_version=&#8221;4.24.2&#8243; _module_preset=&#8221;default&#8221; text_font_size=&#8221;18px&#8221; text_orientation=&#8221;center&#8221; custom_margin=&#8221;||8px|||&#8221; global_colors_info=&#8221;{}&#8221;]<\/p>\n<h2>Jone Bordato<\/h2>\n<p>4 Jean Lissar karrika<br \/>64240 Hazparne<\/p>\n<p>&nbsp;<\/p>\n<p>[\/et_pb_text][et_pb_text _builder_version=&#8221;4.24.2&#8243; _module_preset=&#8221;default&#8221; text_font_size=&#8221;18px&#8221; transform_scale_last_edited=&#8221;off|desktop&#8221; transform_translate_last_edited=&#8221;off|desktop&#8221; transform_rotate_last_edited=&#8221;off|desktop&#8221; transform_skew_last_edited=&#8221;off|desktop&#8221; transform_origin_last_edited=&#8221;off|desktop&#8221; transform_styles_last_edited=&#8221;off|desktop&#8221; text_orientation=&#8221;center&#8221; custom_margin=&#8221;||8px|||&#8221; global_colors_info=&#8221;{%22gcid-25c25d1c-afba-4438-af76-f20ac200e1c9%22:%91%22background_color__hover%22%93,%22gcid-e1226b1a-8ab0-4e4e-8448-ffabc811421d%22:%91%22text_text_color__hover%22%93}&#8221; transform_styles__hover_enabled=&#8221;on|hover&#8221; transform_scale__hover_enabled=&#8221;on|hover&#8221; transform_translate__hover_enabled=&#8221;on|desktop&#8221; transform_rotate__hover_enabled=&#8221;on|desktop&#8221; transform_skew__hover_enabled=&#8221;on|desktop&#8221; transform_origin__hover_enabled=&#8221;on|desktop&#8221; transform_scale__hover=&#8221;115%|115%&#8221; background__hover_enabled=&#8221;off|hover&#8221; background_color__hover=&#8221;rgba(83,0,178,0.5)&#8221; background_enable_color__hover=&#8221;on&#8221; text_text_color__hover_enabled=&#8221;on|hover&#8221; text_text_color__hover=&#8221;rgba(115,0,216,0.72)&#8221;]<\/p>\n<p>Hitzordua hartzeko dei nezazu:<br \/><strong>06 27 81 62 54<\/strong><\/p>\n<p>[\/et_pb_text][et_pb_text _builder_version=&#8221;4.24.2&#8243; _module_preset=&#8221;default&#8221; text_font_size=&#8221;18px&#8221; text_orientation=&#8221;center&#8221; custom_margin=&#8221;||8px|||&#8221; custom_padding=&#8221;|4vw||4vw|false|true&#8221; global_colors_info=&#8221;{}&#8221;]<\/p>\n<p>&nbsp;<\/p>\n<p>Xehetasun gehiagorentzat, email-ez ere kontakta nezakezu:<br \/><strong>info@jonebordato.com<\/strong><\/p>\n<p>[\/et_pb_text][\/et_pb_column][et_pb_column type=&#8221;1_2&#8243; _builder_version=&#8221;4.24.2&#8243; _module_preset=&#8221;default&#8221; global_colors_info=&#8221;{}&#8221;][et_pb_text _builder_version=&#8221;4.24.2&#8243; _module_preset=&#8221;default&#8221; custom_margin=&#8221;||||false|false&#8221; custom_padding_tablet=&#8221;23px||||false|false&#8221; custom_padding_phone=&#8221;&#8221; custom_padding_last_edited=&#8221;on|phone&#8221; global_colors_info=&#8221;{}&#8221;]<\/p>\n<h2>Oharra:<\/h2>\n<ul>\n<li><strong>Shiatsu<\/strong> saioarentzat, jantzi eroso eta malguekin etor zaitez.<\/li>\n<li><strong>Akupuntura<\/strong> saioarentzat bainu oihal garbi bat ekar ezazu otoi.<\/li>\n<\/ul>\n<h2>Tarifa:<\/h2>\n<ul>\n<li>60 euro.<\/li>\n<li>12 urtez peko haurrentzat, 45 euro.<\/li>\n<\/ul>\n<p>&nbsp;<\/p>\n<p>[\/et_pb_text][\/et_pb_column][\/et_pb_row][et_pb_row column_structure=&#8221;1_2,1_2&#8243; _builder_version=&#8221;4.24.2&#8243; _module_preset=&#8221;default&#8221; global_colors_info=&#8221;{}&#8221;][et_pb_column type=&#8221;1_2&#8243; _builder_version=&#8221;4.24.2&#8243; _module_preset=&#8221;default&#8221; global_colors_info=&#8221;{}&#8221;][et_pb_contact_form email=&#8221;info@jonebordato.com&#8221; title=&#8221;Xehetasun eskaera&#8221; success_message=&#8221;Zure mezua ongi heldu zait, laster erantzunen dizut.&#8221; submit_button_text=&#8221;Bidali&#8221; _builder_version=&#8221;4.24.2&#8243; _module_preset=&#8221;default&#8221; _unique_id=&#8221;3198200e-dbaf-4af9-b421-0c279092f6a9&#8243; form_field_background_color=&#8221;gcid-25c25d1c-afba-4438-af76-f20ac200e1c9&#8243; form_field_text_color=&#8221;gcid-2a3d9e62-5849-407d-837d-451441653b3b&#8221; form_field_focus_text_color=&#8221;gcid-2a3d9e62-5849-407d-837d-451441653b3b&#8221; global_colors_info=&#8221;{%22gcid-25c25d1c-afba-4438-af76-f20ac200e1c9%22:%91%22form_field_background_color%22%93,%22gcid-2a3d9e62-5849-407d-837d-451441653b3b%22:%91%22form_field_focus_text_color%22,%22form_field_text_color%22%93}&#8221;][et_pb_contact_field field_id=&#8221;Name&#8221; field_title=&#8221;Izena&#8221; _builder_version=&#8221;4.24.2&#8243; global_colors_info=&#8221;{}&#8221; button_text_size__hover_enabled=&#8221;off&#8221; button_one_text_size__hover_enabled=&#8221;off&#8221; button_two_text_size__hover_enabled=&#8221;off&#8221; button_text_color__hover_enabled=&#8221;off&#8221; button_one_text_color__hover_enabled=&#8221;off&#8221; button_two_text_color__hover_enabled=&#8221;off&#8221; button_border_width__hover_enabled=&#8221;off&#8221; button_one_border_width__hover_enabled=&#8221;off&#8221; button_two_border_width__hover_enabled=&#8221;off&#8221; button_border_color__hover_enabled=&#8221;off&#8221; button_one_border_color__hover_enabled=&#8221;off&#8221; button_two_border_color__hover_enabled=&#8221;off&#8221; button_border_radius__hover_enabled=&#8221;off&#8221; button_one_border_radius__hover_enabled=&#8221;off&#8221; button_two_border_radius__hover_enabled=&#8221;off&#8221; button_letter_spacing__hover_enabled=&#8221;off&#8221; button_one_letter_spacing__hover_enabled=&#8221;off&#8221; button_two_letter_spacing__hover_enabled=&#8221;off&#8221; button_bg_color__hover_enabled=&#8221;off&#8221; button_one_bg_color__hover_enabled=&#8221;off&#8221; button_two_bg_color__hover_enabled=&#8221;off&#8221;][\/et_pb_contact_field][et_pb_contact_field field_id=&#8221;Tel&#8221; field_title=&#8221;Telefono zenbakia&#8221; fullwidth_field=&#8221;on&#8221; _builder_version=&#8221;4.24.2&#8243; _module_preset=&#8221;default&#8221; global_colors_info=&#8221;{}&#8221;][\/et_pb_contact_field][et_pb_contact_field field_id=&#8221;Email&#8221; field_title=&#8221;E-mail helbidea&#8221; field_type=&#8221;email&#8221; fullwidth_field=&#8221;on&#8221; _builder_version=&#8221;4.24.2&#8243; _module_preset=&#8221;default&#8221; global_colors_info=&#8221;{}&#8221;][\/et_pb_contact_field][et_pb_contact_field field_id=&#8221;Message&#8221; field_title=&#8221;Mezua&#8221; field_type=&#8221;text&#8221; fullwidth_field=&#8221;on&#8221; _builder_version=&#8221;4.24.2&#8243; global_colors_info=&#8221;{}&#8221; button_text_size__hover_enabled=&#8221;off&#8221; button_one_text_size__hover_enabled=&#8221;off&#8221; button_two_text_size__hover_enabled=&#8221;off&#8221; button_text_color__hover_enabled=&#8221;off&#8221; button_one_text_color__hover_enabled=&#8221;off&#8221; button_two_text_color__hover_enabled=&#8221;off&#8221; button_border_width__hover_enabled=&#8221;off&#8221; button_one_border_width__hover_enabled=&#8221;off&#8221; button_two_border_width__hover_enabled=&#8221;off&#8221; button_border_color__hover_enabled=&#8221;off&#8221; button_one_border_color__hover_enabled=&#8221;off&#8221; button_two_border_color__hover_enabled=&#8221;off&#8221; button_border_radius__hover_enabled=&#8221;off&#8221; button_one_border_radius__hover_enabled=&#8221;off&#8221; button_two_border_radius__hover_enabled=&#8221;off&#8221; button_letter_spacing__hover_enabled=&#8221;off&#8221; button_one_letter_spacing__hover_enabled=&#8221;off&#8221; button_two_letter_spacing__hover_enabled=&#8221;off&#8221; button_bg_color__hover_enabled=&#8221;off&#8221; button_one_bg_color__hover_enabled=&#8221;off&#8221; button_two_bg_color__hover_enabled=&#8221;off&#8221;][\/et_pb_contact_field][\/et_pb_contact_form][\/et_pb_column][et_pb_column type=&#8221;1_2&#8243; _builder_version=&#8221;4.24.2&#8243; _module_preset=&#8221;default&#8221; global_colors_info=&#8221;{}&#8221;][\/et_pb_column][\/et_pb_row][\/et_pb_section]<\/p>\n","protected":false},"excerpt":{"rendered":"<p>Jone Bordato 4 Jean Lissar karrika64240 Hazparne &nbsp;Hitzordua hartzeko dei nezazu:06 27 81 62 54&nbsp; Xehetasun gehiagorentzat, email-ez ere kontakta nezakezu:info@jonebordato.comOharra: Shiatsu saioarentzat, jantzi eroso eta malguekin etor zaitez. Akupuntura saioarentzat bainu oihal garbi bat ekar ezazu otoi. Tarifa: 60 euro. 12 urtez peko haurrentzat, 45 euro. &nbsp;<\/p>","protected":false},"author":1,"featured_media":0,"parent":0,"menu_order":0,"comment_status":"closed","ping_status":"closed","template":"","meta":{"_et_pb_use_builder":"on","_et_pb_old_content":"","_et_gb_content_width":"","footnotes":""},"class_list":["post-786","page","type-page","status-publish","hentry"],"yoast_head":"<!-- This site is optimized with the Yoast SEO plugin v27.3 - https:\/\/yoast.com\/product\/yoast-seo-wordpress\/ -->\n<title>Conf\u00e9rences sur le yin yang et ateliers de shiatsu I Jone Bordato<\/title>\n<meta name=\"description\" content=\"Shiatsu tailerrak eta yin-yang-ari buruzko mintzaldiak, conf\u00e9rences sur l&#039;\u00e9nerg\u00e9tique traditionnelle chinoise et ateliers de shiatsu.\" \/>\n<meta name=\"robots\" content=\"index, follow, max-snippet:-1, max-image-preview:large, max-video-preview:-1\" \/>\n<link rel=\"canonical\" href=\"https:\/\/jonebordato.com\/fr\/kontaktua\/\" \/>\n<meta property=\"og:locale\" content=\"fr_FR\" \/>\n<meta property=\"og:type\" content=\"article\" \/>\n<meta property=\"og:title\" content=\"Conf\u00e9rences sur le yin yang et ateliers de shiatsu I Jone Bordato\" \/>\n<meta property=\"og:description\" content=\"Shiatsu tailerrak eta yin-yang-ari buruzko mintzaldiak, conf\u00e9rences sur l&#039;\u00e9nerg\u00e9tique traditionnelle chinoise et ateliers de shiatsu.\" \/>\n<meta property=\"og:url\" content=\"https:\/\/jonebordato.com\/fr\/kontaktua\/\" \/>\n<meta property=\"og:site_name\" content=\"Shiatsulari\" \/>\n<meta property=\"article:modified_time\" content=\"2025-08-27T16:09:47+00:00\" \/>\n<meta property=\"og:image\" content=\"https:\/\/jonebordato.com\/wp-content\/uploads\/2024\/02\/Shiatsu-Jone-Bordato_web-20.webp\" \/>\n\t<meta property=\"og:image:width\" content=\"1600\" \/>\n\t<meta property=\"og:image:height\" content=\"1067\" \/>\n\t<meta property=\"og:image:type\" content=\"image\/webp\" \/>\n<meta name=\"twitter:card\" content=\"summary_large_image\" \/>\n<meta name=\"twitter:label1\" content=\"Dur\u00e9e de lecture estim\u00e9e\" \/>\n\t<meta name=\"twitter:data1\" content=\"2 minutes\" \/>\n<script type=\"application\/ld+json\" class=\"yoast-schema-graph\">{\"@context\":\"https:\\\/\\\/schema.org\",\"@graph\":[{\"@type\":\"WebPage\",\"@id\":\"https:\\\/\\\/jonebordato.com\\\/eus\\\/kontaktua\\\/\",\"url\":\"https:\\\/\\\/jonebordato.com\\\/eus\\\/kontaktua\\\/\",\"name\":\"Conf\u00e9rences sur le yin yang et ateliers de shiatsu I Jone Bordato\",\"isPartOf\":{\"@id\":\"https:\\\/\\\/jonebordato.com\\\/eus\\\/#website\"},\"datePublished\":\"2024-04-01T17:21:39+00:00\",\"dateModified\":\"2025-08-27T16:09:47+00:00\",\"description\":\"Shiatsu tailerrak eta yin-yang-ari buruzko mintzaldiak, conf\u00e9rences sur l'\u00e9nerg\u00e9tique traditionnelle chinoise et ateliers de shiatsu.\",\"breadcrumb\":{\"@id\":\"https:\\\/\\\/jonebordato.com\\\/eus\\\/kontaktua\\\/#breadcrumb\"},\"inLanguage\":\"fr-FR\",\"potentialAction\":[{\"@type\":\"ReadAction\",\"target\":[\"https:\\\/\\\/jonebordato.com\\\/eus\\\/kontaktua\\\/\"]}]},{\"@type\":\"BreadcrumbList\",\"@id\":\"https:\\\/\\\/jonebordato.com\\\/eus\\\/kontaktua\\\/#breadcrumb\",\"itemListElement\":[{\"@type\":\"ListItem\",\"position\":1,\"name\":\"Accueil\",\"item\":\"https:\\\/\\\/jonebordato.com\\\/eus\\\/\"},{\"@type\":\"ListItem\",\"position\":2,\"name\":\"Kontaktua\"}]},{\"@type\":\"WebSite\",\"@id\":\"https:\\\/\\\/jonebordato.com\\\/eus\\\/#website\",\"url\":\"https:\\\/\\\/jonebordato.com\\\/eus\\\/\",\"name\":\"Shiatsulari\",\"description\":\"\",\"publisher\":{\"@id\":\"https:\\\/\\\/jonebordato.com\\\/eus\\\/#organization\"},\"potentialAction\":[{\"@type\":\"SearchAction\",\"target\":{\"@type\":\"EntryPoint\",\"urlTemplate\":\"https:\\\/\\\/jonebordato.com\\\/eus\\\/?s={search_term_string}\"},\"query-input\":{\"@type\":\"PropertyValueSpecification\",\"valueRequired\":true,\"valueName\":\"search_term_string\"}}],\"inLanguage\":\"fr-FR\"},{\"@type\":\"Organization\",\"@id\":\"https:\\\/\\\/jonebordato.com\\\/eus\\\/#organization\",\"name\":\"Shiatsulari\",\"url\":\"https:\\\/\\\/jonebordato.com\\\/eus\\\/\",\"logo\":{\"@type\":\"ImageObject\",\"inLanguage\":\"fr-FR\",\"@id\":\"https:\\\/\\\/jonebordato.com\\\/eus\\\/#\\\/schema\\\/logo\\\/image\\\/\",\"url\":\"https:\\\/\\\/jonebordato.com\\\/wp-content\\\/uploads\\\/2024\\\/02\\\/Shiatsu-Jone-Bordato_web-20.webp\",\"contentUrl\":\"https:\\\/\\\/jonebordato.com\\\/wp-content\\\/uploads\\\/2024\\\/02\\\/Shiatsu-Jone-Bordato_web-20.webp\",\"width\":1600,\"height\":1067,\"caption\":\"Shiatsulari\"},\"image\":{\"@id\":\"https:\\\/\\\/jonebordato.com\\\/eus\\\/#\\\/schema\\\/logo\\\/image\\\/\"}}]}<\/script>\n<!-- \/ Yoast SEO plugin. -->","yoast_head_json":{"title":"Conf\u00e9rences sur le yin yang et ateliers de shiatsu I Jone Bordato","description":"Shiatsu tailerrak eta yin-yang-ari buruzko mintzaldiak, conf\u00e9rences sur l'\u00e9nerg\u00e9tique traditionnelle chinoise et ateliers de shiatsu.","robots":{"index":"index","follow":"follow","max-snippet":"max-snippet:-1","max-image-preview":"max-image-preview:large","max-video-preview":"max-video-preview:-1"},"canonical":"https:\/\/jonebordato.com\/fr\/kontaktua\/","og_locale":"fr_FR","og_type":"article","og_title":"Conf\u00e9rences sur le yin yang et ateliers de shiatsu I Jone Bordato","og_description":"Shiatsu tailerrak eta yin-yang-ari buruzko mintzaldiak, conf\u00e9rences sur l'\u00e9nerg\u00e9tique traditionnelle chinoise et ateliers de shiatsu.","og_url":"https:\/\/jonebordato.com\/fr\/kontaktua\/","og_site_name":"Shiatsulari","article_modified_time":"2025-08-27T16:09:47+00:00","og_image":[{"width":1600,"height":1067,"url":"https:\/\/jonebordato.com\/wp-content\/uploads\/2024\/02\/Shiatsu-Jone-Bordato_web-20.webp","type":"image\/webp"}],"twitter_card":"summary_large_image","twitter_misc":{"Dur\u00e9e de lecture estim\u00e9e":"2 minutes"},"schema":{"@context":"https:\/\/schema.org","@graph":[{"@type":"WebPage","@id":"https:\/\/jonebordato.com\/eus\/kontaktua\/","url":"https:\/\/jonebordato.com\/eus\/kontaktua\/","name":"Conf\u00e9rences sur le yin yang et ateliers de shiatsu I Jone Bordato","isPartOf":{"@id":"https:\/\/jonebordato.com\/eus\/#website"},"datePublished":"2024-04-01T17:21:39+00:00","dateModified":"2025-08-27T16:09:47+00:00","description":"Shiatsu tailerrak eta yin-yang-ari buruzko mintzaldiak, conf\u00e9rences sur l'\u00e9nerg\u00e9tique traditionnelle chinoise et ateliers de shiatsu.","breadcrumb":{"@id":"https:\/\/jonebordato.com\/eus\/kontaktua\/#breadcrumb"},"inLanguage":"fr-FR","potentialAction":[{"@type":"ReadAction","target":["https:\/\/jonebordato.com\/eus\/kontaktua\/"]}]},{"@type":"BreadcrumbList","@id":"https:\/\/jonebordato.com\/eus\/kontaktua\/#breadcrumb","itemListElement":[{"@type":"ListItem","position":1,"name":"Accueil","item":"https:\/\/jonebordato.com\/eus\/"},{"@type":"ListItem","position":2,"name":"Kontaktua"}]},{"@type":"WebSite","@id":"https:\/\/jonebordato.com\/eus\/#website","url":"https:\/\/jonebordato.com\/eus\/","name":"Shiatsulari","description":"","publisher":{"@id":"https:\/\/jonebordato.com\/eus\/#organization"},"potentialAction":[{"@type":"SearchAction","target":{"@type":"EntryPoint","urlTemplate":"https:\/\/jonebordato.com\/eus\/?s={search_term_string}"},"query-input":{"@type":"PropertyValueSpecification","valueRequired":true,"valueName":"search_term_string"}}],"inLanguage":"fr-FR"},{"@type":"Organization","@id":"https:\/\/jonebordato.com\/eus\/#organization","name":"Shiatsulari","url":"https:\/\/jonebordato.com\/eus\/","logo":{"@type":"ImageObject","inLanguage":"fr-FR","@id":"https:\/\/jonebordato.com\/eus\/#\/schema\/logo\/image\/","url":"https:\/\/jonebordato.com\/wp-content\/uploads\/2024\/02\/Shiatsu-Jone-Bordato_web-20.webp","contentUrl":"https:\/\/jonebordato.com\/wp-content\/uploads\/2024\/02\/Shiatsu-Jone-Bordato_web-20.webp","width":1600,"height":1067,"caption":"Shiatsulari"},"image":{"@id":"https:\/\/jonebordato.com\/eus\/#\/schema\/logo\/image\/"}}]}},"_links":{"self":[{"href":"https:\/\/jonebordato.com\/fr\/wp-json\/wp\/v2\/pages\/786","targetHints":{"allow":["GET"]}}],"collection":[{"href":"https:\/\/jonebordato.com\/fr\/wp-json\/wp\/v2\/pages"}],"about":[{"href":"https:\/\/jonebordato.com\/fr\/wp-json\/wp\/v2\/types\/page"}],"author":[{"embeddable":true,"href":"https:\/\/jonebordato.com\/fr\/wp-json\/wp\/v2\/users\/1"}],"replies":[{"embeddable":true,"href":"https:\/\/jonebordato.com\/fr\/wp-json\/wp\/v2\/comments?post=786"}],"version-history":[{"count":27,"href":"https:\/\/jonebordato.com\/fr\/wp-json\/wp\/v2\/pages\/786\/revisions"}],"predecessor-version":[{"id":929,"href":"https:\/\/jonebordato.com\/fr\/wp-json\/wp\/v2\/pages\/786\/revisions\/929"}],"wp:attachment":[{"href":"https:\/\/jonebordato.com\/fr\/wp-json\/wp\/v2\/media?parent=786"}],"curies":[{"name":"wp","href":"https:\/\/api.w.org\/{rel}","templated":true}]}}