{"id":884,"date":"2024-04-03T11:14:37","date_gmt":"2024-04-03T09:14:37","guid":{"rendered":"https:\/\/jonebordato.com\/?page_id=884"},"modified":"2024-04-03T11:20:08","modified_gmt":"2024-04-03T09:20:08","slug":"politique-confidentialite","status":"publish","type":"page","link":"https:\/\/jonebordato.com\/fr\/politique-confidentialite\/","title":{"rendered":"Politique de confidentialit\u00e9"},"content":{"rendered":"<h2 class=\"wp-block-heading\">Qui sommes-nous&nbsp;?<\/h2>\n\n\n\n<p>L\u2019adresse de notre site est\u00a0: https:\/\/jonebordato.com<\/p>\n\n\n\n<h2 class=\"wp-block-heading\">Cookies<\/h2>\n\n\n\n<p>Si vous vous rendez sur la page de connexion, un cookie temporaire sera cr\u00e9\u00e9 afin de d\u00e9terminer si votre navigateur accepte les cookies. Il ne contient pas de donn\u00e9es personnelles et sera supprim\u00e9 automatiquement \u00e0 la fermeture de votre navigateur.<\/p>\n\n\n\n<p>Lorsque vous vous connecterez, nous mettrons en place un certain nombre de cookies pour enregistrer vos informations de connexion et vos pr\u00e9f\u00e9rences d\u2019\u00e9cran. La dur\u00e9e de vie d\u2019un cookie de connexion est de deux jours, celle d\u2019un cookie d\u2019option d\u2019\u00e9cran est d\u2019un an. Si vous cochez \u00ab&nbsp;Se souvenir de moi&nbsp;\u00bb, votre cookie de connexion sera conserv\u00e9 pendant deux semaines. Si vous vous d\u00e9connectez de votre compte, le cookie de connexion sera effac\u00e9.<\/p>\n\n\n\n<p>En modifiant ou en publiant une publication, un cookie suppl\u00e9mentaire sera enregistr\u00e9 dans votre navigateur. Ce cookie ne comprend aucune donn\u00e9e personnelle. Il indique simplement l\u2019ID de la publication que vous venez de modifier. Il expire au bout d\u2019un jour.<\/p>\n\n\n\n<h2 class=\"wp-block-heading\">Contenu embarqu\u00e9 depuis d\u2019autres sites<\/h2>\n\n\n\n<p>Les articles de ce site peuvent inclure des contenus int\u00e9gr\u00e9s (par exemple des vid\u00e9os, images, articles\u2026). Le contenu int\u00e9gr\u00e9 depuis d\u2019autres sites se comporte de la m\u00eame mani\u00e8re que si le visiteur se rendait sur cet autre site.<\/p>\n\n\n\n<p>Ces sites web pourraient collecter des donn\u00e9es sur vous, utiliser des cookies, embarquer des outils de suivis tiers, suivre vos interactions avec ces contenus embarqu\u00e9s si vous disposez d\u2019un compte connect\u00e9 sur leur site web.<\/p>\n\n\n\n<h2 class=\"wp-block-heading\">Utilisation et transmission de vos donn\u00e9es personnelles<\/h2>\n\n\n\n<p>Si vous demandez une r\u00e9initialisation de votre mot de passe, votre adresse IP sera incluse dans l\u2019e-mail de r\u00e9initialisation.<\/p>\n\n\n\n<h2 class=\"wp-block-heading\">Dur\u00e9es de stockage de vos donn\u00e9es<\/h2>\n\n\n\n<p>Si vous laissez un commentaire, le commentaire et ses m\u00e9tadonn\u00e9es sont conserv\u00e9s ind\u00e9finiment. Cela permet de reconna\u00eetre et approuver automatiquement les commentaires suivants au lieu de les laisser dans la file de mod\u00e9ration.<\/p>\n\n\n\n<p>Pour les comptes qui s\u2019inscrivent sur notre site (le cas \u00e9ch\u00e9ant), nous stockons \u00e9galement les donn\u00e9es personnelles indiqu\u00e9es dans leur profil. Tous les comptes peuvent voir, modifier ou supprimer leurs informations personnelles \u00e0 tout moment (\u00e0 l\u2019exception de leur identifiant). Les gestionnaires du site peuvent aussi voir et modifier ces informations.<\/p>\n\n\n\n<h2 class=\"wp-block-heading\">Les droits que vous avez sur vos donn\u00e9es<\/h2>\n\n\n\n<p>Si vous avez un compte ou si vous avez laiss\u00e9 des commentaires sur le site, vous pouvez demander \u00e0 recevoir un fichier contenant toutes les donn\u00e9es personnelles que nous poss\u00e9dons \u00e0 votre sujet, incluant celles que vous nous avez fournies. Vous pouvez \u00e9galement demander la suppression des donn\u00e9es personnelles vous concernant. Cela ne prend pas en compte les donn\u00e9es stock\u00e9es \u00e0 des fins administratives, l\u00e9gales ou pour des raisons de s\u00e9curit\u00e9.<\/p>\n\n\n\n<h2 class=\"wp-block-heading\">Transmission de vos donn\u00e9es personnelles<\/h2>\n\n\n\n<p>Les commentaires des visiteurs peuvent \u00eatre v\u00e9rifi\u00e9s \u00e0 l\u2019aide d\u2019un service automatis\u00e9 de d\u00e9tection des commentaires ind\u00e9sirables.<\/p>\n\n\n\n<h2 class=\"wp-block-heading\">Informations de contact<\/h2>\n\n\n\n<p>Pour nous contacter\u00a0: info@jonebordato.com<\/p>\n\n\n\n<p><\/p>","protected":false},"excerpt":{"rendered":"<p>Qui sommes-nous&nbsp;? L\u2019adresse de notre site est\u00a0: https:\/\/jonebordato.com Cookies Si vous vous rendez sur la page de connexion, un cookie temporaire sera cr\u00e9\u00e9 afin de d\u00e9terminer si votre navigateur accepte les cookies. Il ne contient pas de donn\u00e9es personnelles et sera supprim\u00e9 automatiquement \u00e0 la fermeture de votre navigateur. Lorsque vous vous connecterez, nous mettrons [&hellip;]<\/p>\n","protected":false},"author":1,"featured_media":0,"parent":0,"menu_order":0,"comment_status":"closed","ping_status":"closed","template":"","meta":{"_et_pb_use_builder":"off","_et_pb_old_content":"","_et_gb_content_width":"1080","footnotes":""},"class_list":["post-884","page","type-page","status-publish","hentry"],"yoast_head":"<!-- This site is optimized with the Yoast SEO plugin v27.3 - https:\/\/yoast.com\/product\/yoast-seo-wordpress\/ -->\n<title>Pribatutasun politika | Politique de confidentialit\u00e9 | Shiatsulari<\/title>\n<meta name=\"description\" content=\"Jone Bordato shiatsu webgunearen pribatutasun politika orrialdea. Politique de confidentialit\u00e9 du site de Jone Bordato.\" \/>\n<meta name=\"robots\" content=\"index, follow, max-snippet:-1, max-image-preview:large, max-video-preview:-1\" \/>\n<link rel=\"canonical\" href=\"https:\/\/jonebordato.com\/fr\/politique-confidentialite\/\" \/>\n<meta property=\"og:locale\" content=\"fr_FR\" \/>\n<meta property=\"og:type\" content=\"article\" \/>\n<meta property=\"og:title\" content=\"Pribatutasun politika | Politique de confidentialit\u00e9 | Shiatsulari\" \/>\n<meta property=\"og:description\" content=\"Jone Bordato shiatsu webgunearen pribatutasun politika orrialdea. Politique de confidentialit\u00e9 du site de Jone Bordato.\" \/>\n<meta property=\"og:url\" content=\"https:\/\/jonebordato.com\/fr\/politique-confidentialite\/\" \/>\n<meta property=\"og:site_name\" content=\"Shiatsulari\" \/>\n<meta property=\"article:modified_time\" content=\"2024-04-03T09:20:08+00:00\" \/>\n<meta property=\"og:image\" content=\"https:\/\/jonebordato.com\/wp-content\/uploads\/2024\/02\/Shiatsu-Jone-Bordato_web-20.webp\" \/>\n\t<meta property=\"og:image:width\" content=\"1600\" \/>\n\t<meta property=\"og:image:height\" content=\"1067\" \/>\n\t<meta property=\"og:image:type\" content=\"image\/webp\" \/>\n<meta name=\"twitter:card\" content=\"summary_large_image\" \/>\n<meta name=\"twitter:label1\" content=\"Dur\u00e9e de lecture estim\u00e9e\" \/>\n\t<meta name=\"twitter:data1\" content=\"3 minutes\" \/>\n<script type=\"application\/ld+json\" class=\"yoast-schema-graph\">{\"@context\":\"https:\\\/\\\/schema.org\",\"@graph\":[{\"@type\":\"WebPage\",\"@id\":\"https:\\\/\\\/jonebordato.com\\\/fr\\\/politique-confidentialite\\\/\",\"url\":\"https:\\\/\\\/jonebordato.com\\\/fr\\\/politique-confidentialite\\\/\",\"name\":\"Pribatutasun politika | Politique de confidentialit\u00e9 | Shiatsulari\",\"isPartOf\":{\"@id\":\"https:\\\/\\\/jonebordato.com\\\/eus\\\/#website\"},\"datePublished\":\"2024-04-03T09:14:37+00:00\",\"dateModified\":\"2024-04-03T09:20:08+00:00\",\"description\":\"Jone Bordato shiatsu webgunearen pribatutasun politika orrialdea. Politique de confidentialit\u00e9 du site de Jone Bordato.\",\"breadcrumb\":{\"@id\":\"https:\\\/\\\/jonebordato.com\\\/fr\\\/politique-confidentialite\\\/#breadcrumb\"},\"inLanguage\":\"fr-FR\",\"potentialAction\":[{\"@type\":\"ReadAction\",\"target\":[\"https:\\\/\\\/jonebordato.com\\\/fr\\\/politique-confidentialite\\\/\"]}]},{\"@type\":\"BreadcrumbList\",\"@id\":\"https:\\\/\\\/jonebordato.com\\\/fr\\\/politique-confidentialite\\\/#breadcrumb\",\"itemListElement\":[{\"@type\":\"ListItem\",\"position\":1,\"name\":\"Accueil\",\"item\":\"https:\\\/\\\/jonebordato.com\\\/eus\\\/\"},{\"@type\":\"ListItem\",\"position\":2,\"name\":\"Politique de confidentialit\u00e9\"}]},{\"@type\":\"WebSite\",\"@id\":\"https:\\\/\\\/jonebordato.com\\\/eus\\\/#website\",\"url\":\"https:\\\/\\\/jonebordato.com\\\/eus\\\/\",\"name\":\"Shiatsulari\",\"description\":\"\",\"publisher\":{\"@id\":\"https:\\\/\\\/jonebordato.com\\\/eus\\\/#organization\"},\"potentialAction\":[{\"@type\":\"SearchAction\",\"target\":{\"@type\":\"EntryPoint\",\"urlTemplate\":\"https:\\\/\\\/jonebordato.com\\\/eus\\\/?s={search_term_string}\"},\"query-input\":{\"@type\":\"PropertyValueSpecification\",\"valueRequired\":true,\"valueName\":\"search_term_string\"}}],\"inLanguage\":\"fr-FR\"},{\"@type\":\"Organization\",\"@id\":\"https:\\\/\\\/jonebordato.com\\\/eus\\\/#organization\",\"name\":\"Shiatsulari\",\"url\":\"https:\\\/\\\/jonebordato.com\\\/eus\\\/\",\"logo\":{\"@type\":\"ImageObject\",\"inLanguage\":\"fr-FR\",\"@id\":\"https:\\\/\\\/jonebordato.com\\\/eus\\\/#\\\/schema\\\/logo\\\/image\\\/\",\"url\":\"https:\\\/\\\/jonebordato.com\\\/wp-content\\\/uploads\\\/2024\\\/02\\\/Shiatsu-Jone-Bordato_web-20.webp\",\"contentUrl\":\"https:\\\/\\\/jonebordato.com\\\/wp-content\\\/uploads\\\/2024\\\/02\\\/Shiatsu-Jone-Bordato_web-20.webp\",\"width\":1600,\"height\":1067,\"caption\":\"Shiatsulari\"},\"image\":{\"@id\":\"https:\\\/\\\/jonebordato.com\\\/eus\\\/#\\\/schema\\\/logo\\\/image\\\/\"}}]}<\/script>\n<!-- \/ Yoast SEO plugin. -->","yoast_head_json":{"title":"Pribatutasun politika | Politique de confidentialit\u00e9 | Shiatsulari","description":"Jone Bordato shiatsu webgunearen pribatutasun politika orrialdea. Politique de confidentialit\u00e9 du site de Jone Bordato.","robots":{"index":"index","follow":"follow","max-snippet":"max-snippet:-1","max-image-preview":"max-image-preview:large","max-video-preview":"max-video-preview:-1"},"canonical":"https:\/\/jonebordato.com\/fr\/politique-confidentialite\/","og_locale":"fr_FR","og_type":"article","og_title":"Pribatutasun politika | Politique de confidentialit\u00e9 | Shiatsulari","og_description":"Jone Bordato shiatsu webgunearen pribatutasun politika orrialdea. Politique de confidentialit\u00e9 du site de Jone Bordato.","og_url":"https:\/\/jonebordato.com\/fr\/politique-confidentialite\/","og_site_name":"Shiatsulari","article_modified_time":"2024-04-03T09:20:08+00:00","og_image":[{"width":1600,"height":1067,"url":"https:\/\/jonebordato.com\/wp-content\/uploads\/2024\/02\/Shiatsu-Jone-Bordato_web-20.webp","type":"image\/webp"}],"twitter_card":"summary_large_image","twitter_misc":{"Dur\u00e9e de lecture estim\u00e9e":"3 minutes"},"schema":{"@context":"https:\/\/schema.org","@graph":[{"@type":"WebPage","@id":"https:\/\/jonebordato.com\/fr\/politique-confidentialite\/","url":"https:\/\/jonebordato.com\/fr\/politique-confidentialite\/","name":"Pribatutasun politika | Politique de confidentialit\u00e9 | Shiatsulari","isPartOf":{"@id":"https:\/\/jonebordato.com\/eus\/#website"},"datePublished":"2024-04-03T09:14:37+00:00","dateModified":"2024-04-03T09:20:08+00:00","description":"Jone Bordato shiatsu webgunearen pribatutasun politika orrialdea. Politique de confidentialit\u00e9 du site de Jone Bordato.","breadcrumb":{"@id":"https:\/\/jonebordato.com\/fr\/politique-confidentialite\/#breadcrumb"},"inLanguage":"fr-FR","potentialAction":[{"@type":"ReadAction","target":["https:\/\/jonebordato.com\/fr\/politique-confidentialite\/"]}]},{"@type":"BreadcrumbList","@id":"https:\/\/jonebordato.com\/fr\/politique-confidentialite\/#breadcrumb","itemListElement":[{"@type":"ListItem","position":1,"name":"Accueil","item":"https:\/\/jonebordato.com\/eus\/"},{"@type":"ListItem","position":2,"name":"Politique de confidentialit\u00e9"}]},{"@type":"WebSite","@id":"https:\/\/jonebordato.com\/eus\/#website","url":"https:\/\/jonebordato.com\/eus\/","name":"Shiatsulari","description":"","publisher":{"@id":"https:\/\/jonebordato.com\/eus\/#organization"},"potentialAction":[{"@type":"SearchAction","target":{"@type":"EntryPoint","urlTemplate":"https:\/\/jonebordato.com\/eus\/?s={search_term_string}"},"query-input":{"@type":"PropertyValueSpecification","valueRequired":true,"valueName":"search_term_string"}}],"inLanguage":"fr-FR"},{"@type":"Organization","@id":"https:\/\/jonebordato.com\/eus\/#organization","name":"Shiatsulari","url":"https:\/\/jonebordato.com\/eus\/","logo":{"@type":"ImageObject","inLanguage":"fr-FR","@id":"https:\/\/jonebordato.com\/eus\/#\/schema\/logo\/image\/","url":"https:\/\/jonebordato.com\/wp-content\/uploads\/2024\/02\/Shiatsu-Jone-Bordato_web-20.webp","contentUrl":"https:\/\/jonebordato.com\/wp-content\/uploads\/2024\/02\/Shiatsu-Jone-Bordato_web-20.webp","width":1600,"height":1067,"caption":"Shiatsulari"},"image":{"@id":"https:\/\/jonebordato.com\/eus\/#\/schema\/logo\/image\/"}}]}},"_links":{"self":[{"href":"https:\/\/jonebordato.com\/fr\/wp-json\/wp\/v2\/pages\/884","targetHints":{"allow":["GET"]}}],"collection":[{"href":"https:\/\/jonebordato.com\/fr\/wp-json\/wp\/v2\/pages"}],"about":[{"href":"https:\/\/jonebordato.com\/fr\/wp-json\/wp\/v2\/types\/page"}],"author":[{"embeddable":true,"href":"https:\/\/jonebordato.com\/fr\/wp-json\/wp\/v2\/users\/1"}],"replies":[{"embeddable":true,"href":"https:\/\/jonebordato.com\/fr\/wp-json\/wp\/v2\/comments?post=884"}],"version-history":[{"count":3,"href":"https:\/\/jonebordato.com\/fr\/wp-json\/wp\/v2\/pages\/884\/revisions"}],"predecessor-version":[{"id":888,"href":"https:\/\/jonebordato.com\/fr\/wp-json\/wp\/v2\/pages\/884\/revisions\/888"}],"wp:attachment":[{"href":"https:\/\/jonebordato.com\/fr\/wp-json\/wp\/v2\/media?parent=884"}],"curies":[{"name":"wp","href":"https:\/\/api.w.org\/{rel}","templated":true}]}}